{"id":63056,"date":"2026-03-23T18:25:17","date_gmt":"2026-03-23T16:25:17","guid":{"rendered":"https:\/\/colibri-jewels.eu\/?post_type=product&#038;p=63056"},"modified":"2026-04-24T13:27:02","modified_gmt":"2026-04-24T10:27:02","slug":"erato-kultainen-kaulakoru-fancy-intense-pink-laboratoriotimantilla","status":"publish","type":"product","link":"https:\/\/colibri-jewels.eu\/fi\/tuote\/erato-kultainen-kaulakoru-fancy-intense-pink-laboratoriotimantilla\/","title":{"rendered":"Erato \u2013 kultainen kaulakoru Fancy Intense Pink -laboratoriotimantilla"},"content":{"rendered":"<p data-start=\"641\" data-end=\"904\">Elegantti kultainen kaulakoru Fancy Intense Pink -s\u00e4vyisell\u00e4 laboratoriotimantilla \u2014 harvinainen ja katseenvangitseva v\u00e4ri. 0,70 karaatin pear-hiottu timantti on istutettu pelkistettyyn kehysistutukseen, jotta sen v\u00e4ri ja s\u00e4ihke p\u00e4\u00e4sev\u00e4t t\u00e4ysin esiin. <\/p>\n<p data-start=\"906\" data-end=\"1031\">Hento 40 cm ankkuriketju laskeutuu kauniisti solisluiden v\u00e4liin ja korostaa kaulan linjaa.<\/p>\n<p data-start=\"1033\" data-end=\"1132\">Timantti on laboratoriossa kasvatettu ja IGI-sertifioitu.<\/p>\n<p>&nbsp;<\/p>\n<p data-start=\"1134\" data-end=\"1228\">Joskus yksi v\u00e4rin s\u00e4vy riitt\u00e4\u00e4 tekem\u00e4\u00e4n korusta unohtumattoman.<\/p>\n<h3 data-section-id=\"1o2c85r\" data-start=\"1235\" data-end=\"1254\">Tuotetiedot<\/h3>\n<p data-start=\"1256\" data-end=\"1313\"><strong data-start=\"1256\" data-end=\"1268\">Tuote:<\/strong> Erato-kaulakoru<br data-start=\"1283\" data-end=\"1286\">Mallisto: The Muses<\/p>\n<p data-start=\"1315\" data-end=\"1369\">Korutyyppi: timanttikaulakoru<br data-start=\"1349\" data-end=\"1352\"><strong data-start=\"1352\" data-end=\"1362\">Metalli<\/strong>: kulta<\/p>\n<p data-start=\"1371\" data-end=\"1427\"><strong data-start=\"1371\" data-end=\"1386\">Ketjun tyyppi:<\/strong> ankkuriketju<br data-start=\"1399\" data-end=\"1402\"><strong data-start=\"1402\" data-end=\"1419\">Ketjun pituus:<\/strong> 40 cm<\/p>\n<p data-start=\"1429\" data-end=\"1570\"><strong data-start=\"1429\" data-end=\"1446\">Keskikivi:<\/strong> laboratoriotimantti<br data-start=\"1464\" data-end=\"1467\"><strong data-start=\"1467\" data-end=\"1475\">Hionta:<\/strong> cushion<br data-start=\"1483\" data-end=\"1486\"><strong data-start=\"1486\" data-end=\"1503\">Paino: <\/strong>0,70 ct<br data-start=\"1511\" data-end=\"1514\"><strong data-start=\"1514\" data-end=\"1524\">V\u00e4ri:<\/strong> Fancy Intense Pink<br data-start=\"1543\" data-end=\"1546\"><strong data-start=\"1546\" data-end=\"1564\">Sertifikaatti:<\/strong> IGI<\/p>\n<p data-start=\"1572\" data-end=\"1630\"><strong data-start=\"1572\" data-end=\"1584\">Istutus: <\/strong>minimalistinen kehysistutus<\/p>\n<p data-start=\"1632\" data-end=\"1742\"><strong data-start=\"1632\" data-end=\"1642\">Tyyli<\/strong>: Minimalistinen, elegantti, moderni hienokoru<br data-start=\"1683\" data-end=\"1686\"><strong data-start=\"1686\" data-end=\"1700\">Sijoitus:<\/strong> Suunniteltu asettamaan solisluiden v\u00e4liin<\/p>\n<p data-start=\"1744\" data-end=\"1823\"><strong data-start=\"1744\" data-end=\"1761\">Sopii: <\/strong>arkik\u00e4ytt\u00f6\u00f6n, kerrospukeutumiseen, herkkien v\u00e4rillisten timanttien yst\u00e4ville.<\/p>\n<h3 data-section-id=\"1ixc7my\" data-start=\"1830\" data-end=\"1852\"><\/h3>\n<p data-start=\"1854\" data-end=\"2087\">pink diamond necklace, fancy intense pink diamond necklace, lab grown pink diamond pendant, pear cut pink diamond necklace, gold pink diamond necklace, minimalist diamond necklace, modern fine jewelry necklace, collarbone necklace<\/p>\n","protected":false},"excerpt":{"rendered":"<p>Minimalistinen kultainen kaulakoru 0,70 ct cushion-hiotulla Fancy Intense Pink -laboratoriotimantilla, IGI-sertifioitu.<br data-start=\"530\" data-end=\"533\">Hienovarainen 40 cm ankkuriketju asettuu kauniisti solisluiden v\u00e4liin.<\/p>\n","protected":false},"featured_media":63053,"comment_status":"open","ping_status":"closed","template":"","meta":[],"etheme_brands":[],"product_brand":[],"product_cat":[989],"product_tag":[994,1256,1002,1004,1007],"class_list":{"0":"post-63056","1":"product","2":"type-product","3":"status-publish","4":"has-post-thumbnail","6":"product_cat-kaulakorut-ja-riipukset","7":"product_tag-klassiset","8":"product_tag-lab-timantit","9":"product_tag-lakoniset","10":"product_tag-romanttiset","11":"product_tag-solitaire-sormus","13":"first","14":"instock","15":"shipping-taxable","16":"purchasable","17":"product-type-simple"},"acf":[],"yoast_head":"<!-- This site is optimized with the Yoast SEO Premium plugin v26.5 (Yoast SEO v26.8) - https:\/\/yoast.com\/product\/yoast-seo-premium-wordpress\/ -->\n<title>Erato \u2013 kultainen kaulakoru Fancy Intense Pink -laboratoriotimantilla - Colibri jewels<\/title>\n<meta name=\"description\" content=\"Elegant gold necklace Erato with a 0.70 ct cushion-cut fancy intense pink lab-grown diamond. Minimalist design with a delicate 40 cm anchor chain.\" \/>\n<meta name=\"robots\" content=\"index, follow, max-snippet:-1, max-image-preview:large, max-video-preview:-1\" \/>\n<link rel=\"canonical\" href=\"https:\/\/colibri-jewels.eu\/fi\/tuote\/erato-kultainen-kaulakoru-fancy-intense-pink-laboratoriotimantilla\/\" \/>\n<meta property=\"og:locale\" content=\"fi_FI\" \/>\n<meta property=\"og:type\" content=\"article\" \/>\n<meta property=\"og:title\" content=\"Erato \u2013 kultainen kaulakoru Fancy Intense Pink -laboratoriotimantilla\" \/>\n<meta property=\"og:description\" content=\"Elegant gold necklace Erato with a 0.70 ct cushion-cut fancy intense pink lab-grown diamond. Minimalist design with a delicate 40 cm anchor chain.\" \/>\n<meta property=\"og:url\" content=\"https:\/\/colibri-jewels.eu\/fi\/tuote\/erato-kultainen-kaulakoru-fancy-intense-pink-laboratoriotimantilla\/\" \/>\n<meta property=\"og:site_name\" content=\"Colibri jewels\" \/>\n<meta property=\"article:publisher\" content=\"https:\/\/www.facebook.com\/colibri.jewels\" \/>\n<meta property=\"article:modified_time\" content=\"2026-04-24T10:27:02+00:00\" \/>\n<meta property=\"og:image\" content=\"https:\/\/colibri-jewels.eu\/wp-content\/uploads\/2026\/03\/Erato-\u2013-Gold-Necklace-with-pink-pear-Lab-Diamond_N00886.jpg\" \/>\n\t<meta property=\"og:image:width\" content=\"1000\" \/>\n\t<meta property=\"og:image:height\" content=\"1000\" \/>\n\t<meta property=\"og:image:type\" content=\"image\/jpeg\" \/>\n<meta name=\"twitter:card\" content=\"summary_large_image\" \/>\n<meta name=\"twitter:label1\" content=\"Arvioitu lukuaika\" \/>\n\t<meta name=\"twitter:data1\" content=\"1 minuutti\" \/>\n<script type=\"application\/ld+json\" class=\"yoast-schema-graph\">{\"@context\":\"https:\/\/schema.org\",\"@graph\":[{\"@type\":\"WebPage\",\"@id\":\"https:\/\/colibri-jewels.eu\/fi\/tuote\/erato-kultainen-kaulakoru-fancy-intense-pink-laboratoriotimantilla\/\",\"url\":\"https:\/\/colibri-jewels.eu\/fi\/tuote\/erato-kultainen-kaulakoru-fancy-intense-pink-laboratoriotimantilla\/\",\"name\":\"Erato \u2013 kultainen kaulakoru Fancy Intense Pink -laboratoriotimantilla - Colibri jewels\",\"isPartOf\":{\"@id\":\"https:\/\/colibri-jewels.eu\/fi\/#website\"},\"primaryImageOfPage\":{\"@id\":\"https:\/\/colibri-jewels.eu\/fi\/tuote\/erato-kultainen-kaulakoru-fancy-intense-pink-laboratoriotimantilla\/#primaryimage\"},\"image\":{\"@id\":\"https:\/\/colibri-jewels.eu\/fi\/tuote\/erato-kultainen-kaulakoru-fancy-intense-pink-laboratoriotimantilla\/#primaryimage\"},\"thumbnailUrl\":\"https:\/\/colibri-jewels.eu\/wp-content\/uploads\/2026\/03\/Erato-\u2013-Gold-Necklace-with-pink-pear-Lab-Diamond_N00886.jpg\",\"datePublished\":\"2026-03-23T16:25:17+00:00\",\"dateModified\":\"2026-04-24T10:27:02+00:00\",\"description\":\"Elegant gold necklace Erato with a 0.70 ct cushion-cut fancy intense pink lab-grown diamond. Minimalist design with a delicate 40 cm anchor chain.\",\"breadcrumb\":{\"@id\":\"https:\/\/colibri-jewels.eu\/fi\/tuote\/erato-kultainen-kaulakoru-fancy-intense-pink-laboratoriotimantilla\/#breadcrumb\"},\"inLanguage\":\"fi\",\"potentialAction\":[{\"@type\":\"ReadAction\",\"target\":[\"https:\/\/colibri-jewels.eu\/fi\/tuote\/erato-kultainen-kaulakoru-fancy-intense-pink-laboratoriotimantilla\/\"]}]},{\"@type\":\"ImageObject\",\"inLanguage\":\"fi\",\"@id\":\"https:\/\/colibri-jewels.eu\/fi\/tuote\/erato-kultainen-kaulakoru-fancy-intense-pink-laboratoriotimantilla\/#primaryimage\",\"url\":\"https:\/\/colibri-jewels.eu\/wp-content\/uploads\/2026\/03\/Erato-\u2013-Gold-Necklace-with-pink-pear-Lab-Diamond_N00886.jpg\",\"contentUrl\":\"https:\/\/colibri-jewels.eu\/wp-content\/uploads\/2026\/03\/Erato-\u2013-Gold-Necklace-with-pink-pear-Lab-Diamond_N00886.jpg\",\"width\":1000,\"height\":1000},{\"@type\":\"BreadcrumbList\",\"@id\":\"https:\/\/colibri-jewels.eu\/fi\/tuote\/erato-kultainen-kaulakoru-fancy-intense-pink-laboratoriotimantilla\/#breadcrumb\",\"itemListElement\":[{\"@type\":\"ListItem\",\"position\":1,\"name\":\"\u0413\u043b\u0430\u0432\u043d\u0430\u044f \u0441\u0442\u0440\u0430\u043d\u0438\u0446\u0430\",\"item\":\"https:\/\/colibri-jewels.eu\/fi\/\"},{\"@type\":\"ListItem\",\"position\":2,\"name\":\"Kauppa\",\"item\":\"https:\/\/colibri-jewels.eu\/fi\/kauppa\/\"},{\"@type\":\"ListItem\",\"position\":3,\"name\":\"Erato \u2013 kultainen kaulakoru Fancy Intense Pink -laboratoriotimantilla\"}]},{\"@type\":\"WebSite\",\"@id\":\"https:\/\/colibri-jewels.eu\/fi\/#website\",\"url\":\"https:\/\/colibri-jewels.eu\/fi\/\",\"name\":\"Colibri jewels\",\"description\":\"jewelry shop\",\"publisher\":{\"@id\":\"https:\/\/colibri-jewels.eu\/fi\/#organization\"},\"potentialAction\":[{\"@type\":\"SearchAction\",\"target\":{\"@type\":\"EntryPoint\",\"urlTemplate\":\"https:\/\/colibri-jewels.eu\/fi\/?s={search_term_string}\"},\"query-input\":{\"@type\":\"PropertyValueSpecification\",\"valueRequired\":true,\"valueName\":\"search_term_string\"}}],\"inLanguage\":\"fi\"},{\"@type\":\"Organization\",\"@id\":\"https:\/\/colibri-jewels.eu\/fi\/#organization\",\"name\":\"O\u00dc Colibri\",\"url\":\"https:\/\/colibri-jewels.eu\/fi\/\",\"logo\":{\"@type\":\"ImageObject\",\"inLanguage\":\"fi\",\"@id\":\"https:\/\/colibri-jewels.eu\/fi\/#\/schema\/logo\/image\/\",\"url\":\"https:\/\/dev.colibri-jewels.eu\/wp-content\/uploads\/2021\/03\/colibri.png\",\"contentUrl\":\"https:\/\/dev.colibri-jewels.eu\/wp-content\/uploads\/2021\/03\/colibri.png\",\"width\":227,\"height\":130,\"caption\":\"O\u00dc Colibri\"},\"image\":{\"@id\":\"https:\/\/colibri-jewels.eu\/fi\/#\/schema\/logo\/image\/\"},\"sameAs\":[\"https:\/\/www.facebook.com\/colibri.jewels\",\"https:\/\/www.instagram.com\/colibri.jewels\",\"https:\/\/www.tiktok.com\/colibri.jewels\"]}]}<\/script>\n<!-- \/ Yoast SEO Premium plugin. -->","yoast_head_json":{"title":"Erato \u2013 kultainen kaulakoru Fancy Intense Pink -laboratoriotimantilla - Colibri jewels","description":"Elegant gold necklace Erato with a 0.70 ct cushion-cut fancy intense pink lab-grown diamond. Minimalist design with a delicate 40 cm anchor chain.","robots":{"index":"index","follow":"follow","max-snippet":"max-snippet:-1","max-image-preview":"max-image-preview:large","max-video-preview":"max-video-preview:-1"},"canonical":"https:\/\/colibri-jewels.eu\/fi\/tuote\/erato-kultainen-kaulakoru-fancy-intense-pink-laboratoriotimantilla\/","og_locale":"fi_FI","og_type":"article","og_title":"Erato \u2013 kultainen kaulakoru Fancy Intense Pink -laboratoriotimantilla","og_description":"Elegant gold necklace Erato with a 0.70 ct cushion-cut fancy intense pink lab-grown diamond. Minimalist design with a delicate 40 cm anchor chain.","og_url":"https:\/\/colibri-jewels.eu\/fi\/tuote\/erato-kultainen-kaulakoru-fancy-intense-pink-laboratoriotimantilla\/","og_site_name":"Colibri jewels","article_publisher":"https:\/\/www.facebook.com\/colibri.jewels","article_modified_time":"2026-04-24T10:27:02+00:00","og_image":[{"width":1000,"height":1000,"url":"https:\/\/colibri-jewels.eu\/wp-content\/uploads\/2026\/03\/Erato-\u2013-Gold-Necklace-with-pink-pear-Lab-Diamond_N00886.jpg","type":"image\/jpeg"}],"twitter_card":"summary_large_image","twitter_misc":{"Arvioitu lukuaika":"1 minuutti"},"schema":{"@context":"https:\/\/schema.org","@graph":[{"@type":"WebPage","@id":"https:\/\/colibri-jewels.eu\/fi\/tuote\/erato-kultainen-kaulakoru-fancy-intense-pink-laboratoriotimantilla\/","url":"https:\/\/colibri-jewels.eu\/fi\/tuote\/erato-kultainen-kaulakoru-fancy-intense-pink-laboratoriotimantilla\/","name":"Erato \u2013 kultainen kaulakoru Fancy Intense Pink -laboratoriotimantilla - Colibri jewels","isPartOf":{"@id":"https:\/\/colibri-jewels.eu\/fi\/#website"},"primaryImageOfPage":{"@id":"https:\/\/colibri-jewels.eu\/fi\/tuote\/erato-kultainen-kaulakoru-fancy-intense-pink-laboratoriotimantilla\/#primaryimage"},"image":{"@id":"https:\/\/colibri-jewels.eu\/fi\/tuote\/erato-kultainen-kaulakoru-fancy-intense-pink-laboratoriotimantilla\/#primaryimage"},"thumbnailUrl":"https:\/\/colibri-jewels.eu\/wp-content\/uploads\/2026\/03\/Erato-\u2013-Gold-Necklace-with-pink-pear-Lab-Diamond_N00886.jpg","datePublished":"2026-03-23T16:25:17+00:00","dateModified":"2026-04-24T10:27:02+00:00","description":"Elegant gold necklace Erato with a 0.70 ct cushion-cut fancy intense pink lab-grown diamond. Minimalist design with a delicate 40 cm anchor chain.","breadcrumb":{"@id":"https:\/\/colibri-jewels.eu\/fi\/tuote\/erato-kultainen-kaulakoru-fancy-intense-pink-laboratoriotimantilla\/#breadcrumb"},"inLanguage":"fi","potentialAction":[{"@type":"ReadAction","target":["https:\/\/colibri-jewels.eu\/fi\/tuote\/erato-kultainen-kaulakoru-fancy-intense-pink-laboratoriotimantilla\/"]}]},{"@type":"ImageObject","inLanguage":"fi","@id":"https:\/\/colibri-jewels.eu\/fi\/tuote\/erato-kultainen-kaulakoru-fancy-intense-pink-laboratoriotimantilla\/#primaryimage","url":"https:\/\/colibri-jewels.eu\/wp-content\/uploads\/2026\/03\/Erato-\u2013-Gold-Necklace-with-pink-pear-Lab-Diamond_N00886.jpg","contentUrl":"https:\/\/colibri-jewels.eu\/wp-content\/uploads\/2026\/03\/Erato-\u2013-Gold-Necklace-with-pink-pear-Lab-Diamond_N00886.jpg","width":1000,"height":1000},{"@type":"BreadcrumbList","@id":"https:\/\/colibri-jewels.eu\/fi\/tuote\/erato-kultainen-kaulakoru-fancy-intense-pink-laboratoriotimantilla\/#breadcrumb","itemListElement":[{"@type":"ListItem","position":1,"name":"\u0413\u043b\u0430\u0432\u043d\u0430\u044f \u0441\u0442\u0440\u0430\u043d\u0438\u0446\u0430","item":"https:\/\/colibri-jewels.eu\/fi\/"},{"@type":"ListItem","position":2,"name":"Kauppa","item":"https:\/\/colibri-jewels.eu\/fi\/kauppa\/"},{"@type":"ListItem","position":3,"name":"Erato \u2013 kultainen kaulakoru Fancy Intense Pink -laboratoriotimantilla"}]},{"@type":"WebSite","@id":"https:\/\/colibri-jewels.eu\/fi\/#website","url":"https:\/\/colibri-jewels.eu\/fi\/","name":"Colibri jewels","description":"jewelry shop","publisher":{"@id":"https:\/\/colibri-jewels.eu\/fi\/#organization"},"potentialAction":[{"@type":"SearchAction","target":{"@type":"EntryPoint","urlTemplate":"https:\/\/colibri-jewels.eu\/fi\/?s={search_term_string}"},"query-input":{"@type":"PropertyValueSpecification","valueRequired":true,"valueName":"search_term_string"}}],"inLanguage":"fi"},{"@type":"Organization","@id":"https:\/\/colibri-jewels.eu\/fi\/#organization","name":"O\u00dc Colibri","url":"https:\/\/colibri-jewels.eu\/fi\/","logo":{"@type":"ImageObject","inLanguage":"fi","@id":"https:\/\/colibri-jewels.eu\/fi\/#\/schema\/logo\/image\/","url":"https:\/\/dev.colibri-jewels.eu\/wp-content\/uploads\/2021\/03\/colibri.png","contentUrl":"https:\/\/dev.colibri-jewels.eu\/wp-content\/uploads\/2021\/03\/colibri.png","width":227,"height":130,"caption":"O\u00dc Colibri"},"image":{"@id":"https:\/\/colibri-jewels.eu\/fi\/#\/schema\/logo\/image\/"},"sameAs":["https:\/\/www.facebook.com\/colibri.jewels","https:\/\/www.instagram.com\/colibri.jewels","https:\/\/www.tiktok.com\/colibri.jewels"]}]}},"_links":{"self":[{"href":"https:\/\/colibri-jewels.eu\/fi\/wp-json\/wp\/v2\/product\/63056","targetHints":{"allow":["GET"]}}],"collection":[{"href":"https:\/\/colibri-jewels.eu\/fi\/wp-json\/wp\/v2\/product"}],"about":[{"href":"https:\/\/colibri-jewels.eu\/fi\/wp-json\/wp\/v2\/types\/product"}],"replies":[{"embeddable":true,"href":"https:\/\/colibri-jewels.eu\/fi\/wp-json\/wp\/v2\/comments?post=63056"}],"version-history":[{"count":2,"href":"https:\/\/colibri-jewels.eu\/fi\/wp-json\/wp\/v2\/product\/63056\/revisions"}],"predecessor-version":[{"id":63114,"href":"https:\/\/colibri-jewels.eu\/fi\/wp-json\/wp\/v2\/product\/63056\/revisions\/63114"}],"wp:featuredmedia":[{"embeddable":true,"href":"https:\/\/colibri-jewels.eu\/fi\/wp-json\/wp\/v2\/media\/63053"}],"wp:attachment":[{"href":"https:\/\/colibri-jewels.eu\/fi\/wp-json\/wp\/v2\/media?parent=63056"}],"wp:term":[{"taxonomy":"brand","embeddable":true,"href":"https:\/\/colibri-jewels.eu\/fi\/wp-json\/wp\/v2\/etheme_brands?post=63056"},{"taxonomy":"product_brand","embeddable":true,"href":"https:\/\/colibri-jewels.eu\/fi\/wp-json\/wp\/v2\/product_brand?post=63056"},{"taxonomy":"product_cat","embeddable":true,"href":"https:\/\/colibri-jewels.eu\/fi\/wp-json\/wp\/v2\/product_cat?post=63056"},{"taxonomy":"product_tag","embeddable":true,"href":"https:\/\/colibri-jewels.eu\/fi\/wp-json\/wp\/v2\/product_tag?post=63056"}],"curies":[{"name":"wp","href":"https:\/\/api.w.org\/{rel}","templated":true}]}}