{"id":63073,"date":"2026-03-23T18:25:18","date_gmt":"2026-03-23T16:25:18","guid":{"rendered":"https:\/\/colibri-jewels.eu\/?post_type=product&#038;p=63073"},"modified":"2026-04-24T13:26:21","modified_gmt":"2026-04-24T10:26:21","slug":"clio-kultainen-kaulakoru-fancy-intense-yellow-laboratoriotimantilla","status":"publish","type":"product","link":"https:\/\/colibri-jewels.eu\/fi\/tuote\/clio-kultainen-kaulakoru-fancy-intense-yellow-laboratoriotimantilla\/","title":{"rendered":"Clio \u2013 kultainen kaulakoru Fancy Intense Yellow -laboratoriotimantilla"},"content":{"rendered":"<p data-start=\"719\" data-end=\"977\">Elegantti kaulakoru Fancy Intense Yellow -s\u00e4vyisell\u00e4 laboratoriotimantilla, joka s\u00e4teilee kuin auringonvalo. 0,73 karaatin radiant-hiottu timantti on istutettu keltakultaiseen minimalistiseen kehysistutukseen, joka korostaa sen l\u00e4mpim\u00e4n s\u00e4vyn. <\/p>\n<p data-start=\"979\" data-end=\"1144\">Hento 40 cm valkokultainen ankkuriketju luo kauniin kontrastin ja asettuu solisluiden v\u00e4liin.<\/p>\n<p data-start=\"1146\" data-end=\"1246\">Timantti on laboratoriossa kasvatettu ja IGI-sertifioitu.<\/p>\n<p>&nbsp;<\/p>\n<p data-start=\"1248\" data-end=\"1296\">Pieni auringons\u00e4de vangittuna jalokiveen.<\/p>\n<h3 data-section-id=\"1o2c85r\" data-start=\"1303\" data-end=\"1322\">Tuotetiedot<\/h3>\n<p data-start=\"1324\" data-end=\"1380\"><strong data-start=\"1324\" data-end=\"1336\">Tuote:<\/strong> Clio-kaulakoru<br data-start=\"1350\" data-end=\"1353\"><strong data-start=\"1353\" data-end=\"1368\">Mallisto:<\/strong> The Muses<\/p>\n<p data-start=\"1382\" data-end=\"1418\"><strong data-start=\"1382\" data-end=\"1399\">Korutyyppi:<\/strong> Timanttikaulakoru<\/p>\n<p data-start=\"1420\" data-end=\"1482\"><strong data-start=\"1420\" data-end=\"1438\">Istutuksen metalli:<\/strong> keltakulta<br data-start=\"1450\" data-end=\"1453\"><strong data-start=\"1453\" data-end=\"1469\">Ketjun metalli:<\/strong> valkokulta<\/p>\n<p data-start=\"1484\" data-end=\"1540\"><strong data-start=\"1484\" data-end=\"1499\">Ketjun tyyppi:<\/strong> ankkuriketju<br data-start=\"1512\" data-end=\"1515\"><strong data-start=\"1515\" data-end=\"1532\">Ketjun pituus:<\/strong> 40 cm<\/p>\n<p data-start=\"1542\" data-end=\"1685\"><strong data-start=\"1542\" data-end=\"1559\">Keskikivi:<\/strong> laboratoriotimantti<br data-start=\"1577\" data-end=\"1580\"><strong data-start=\"1580\" data-end=\"1588\">Hionta:<\/strong> radiant<br data-start=\"1596\" data-end=\"1599\"><strong data-start=\"1599\" data-end=\"1616\">Paino: <\/strong>0,73 ct<br data-start=\"1624\" data-end=\"1627\"><strong data-start=\"1627\" data-end=\"1637\">V\u00e4ri:<\/strong> Fancy Intense Yellow<br data-start=\"1658\" data-end=\"1661\"><strong data-start=\"1661\" data-end=\"1679\">Sertifikaatti:<\/strong> IGI<\/p>\n<p data-start=\"1687\" data-end=\"1745\"><strong data-start=\"1687\" data-end=\"1699\">Istutus: <\/strong>minimalistinen kehysistutus<\/p>\n<p data-start=\"1747\" data-end=\"1857\"><strong data-start=\"1747\" data-end=\"1757\">Tyyli:<\/strong> Minimalistinen, elegantti, moderni hienokoru<br data-start=\"1798\" data-end=\"1801\"><strong data-start=\"1801\" data-end=\"1815\">Sijoitus: <\/strong>Suunniteltu asettamaan solisluiden v\u00e4liin<\/p>\n<p data-start=\"1859\" data-end=\"1929\"><strong data-start=\"1859\" data-end=\"1876\">Sopii:<\/strong> arkik\u00e4ytt\u00f6\u00f6n, kerrospukeutumiseen, v\u00e4rillisten timanttien yst\u00e4ville.<\/p>\n<p data-start=\"1859\" data-end=\"1929\">yellow diamond necklace, fancy intense yellow diamond necklace, radiant cut yellow diamond necklace, lab grown yellow diamond pendant, gold yellow diamond necklace, minimalist diamond necklace, modern fine jewelry necklace, collarbone necklace<\/p>\n","protected":false},"excerpt":{"rendered":"<p>Minimalistinen kultainen kaulakoru 0,73 ct radiant-hiotulla Fancy Intense Yellow -laboratoriotimantilla, IGI-sertifioitu.<br data-start=\"562\" data-end=\"565\">Keltakultainen istutus ja 40 cm valkokultainen ankkuriketju.<\/p>\n","protected":false},"featured_media":63071,"comment_status":"open","ping_status":"closed","template":"","meta":[],"etheme_brands":[],"product_brand":[],"product_cat":[989],"product_tag":[994,1256,1002,1004,1007],"class_list":{"0":"post-63073","1":"product","2":"type-product","3":"status-publish","4":"has-post-thumbnail","6":"product_cat-kaulakorut-ja-riipukset","7":"product_tag-klassiset","8":"product_tag-lab-timantit","9":"product_tag-lakoniset","10":"product_tag-romanttiset","11":"product_tag-solitaire-sormus","13":"first","14":"instock","15":"shipping-taxable","16":"purchasable","17":"product-type-simple"},"acf":[],"yoast_head":"<!-- This site is optimized with the Yoast SEO Premium plugin v26.5 (Yoast SEO v26.8) - https:\/\/yoast.com\/product\/yoast-seo-premium-wordpress\/ -->\n<title>Clio \u2013 kultainen kaulakoru Fancy Intense Yellow -laboratoriotimantilla - Colibri jewels<\/title>\n<meta name=\"description\" content=\"Elegantti kultainen Clio-kaulakoru, jossa on 0,73 karaatin s\u00e4teilev\u00e4hiottu hienostunut keltainen labrador-timantti. Keltakultainen istutus ja herkk\u00e4 40 cm:n valkokultainen ankkuriketju.\" \/>\n<meta name=\"robots\" content=\"index, follow, max-snippet:-1, max-image-preview:large, max-video-preview:-1\" \/>\n<link rel=\"canonical\" href=\"https:\/\/colibri-jewels.eu\/fi\/tuote\/clio-kultainen-kaulakoru-fancy-intense-yellow-laboratoriotimantilla\/\" \/>\n<meta property=\"og:locale\" content=\"fi_FI\" \/>\n<meta property=\"og:type\" content=\"article\" \/>\n<meta property=\"og:title\" content=\"Clio \u2013 kultainen kaulakoru Fancy Intense Yellow -laboratoriotimantilla\" \/>\n<meta property=\"og:description\" content=\"Elegantti kultainen Clio-kaulakoru, jossa on 0,73 karaatin s\u00e4teilev\u00e4hiottu hienostunut keltainen labrador-timantti. Keltakultainen istutus ja herkk\u00e4 40 cm:n valkokultainen ankkuriketju.\" \/>\n<meta property=\"og:url\" content=\"https:\/\/colibri-jewels.eu\/fi\/tuote\/clio-kultainen-kaulakoru-fancy-intense-yellow-laboratoriotimantilla\/\" \/>\n<meta property=\"og:site_name\" content=\"Colibri jewels\" \/>\n<meta property=\"article:publisher\" content=\"https:\/\/www.facebook.com\/colibri.jewels\" \/>\n<meta property=\"article:modified_time\" content=\"2026-04-24T10:26:21+00:00\" \/>\n<meta property=\"og:image\" content=\"https:\/\/colibri-jewels.eu\/wp-content\/uploads\/2026\/03\/Clio-\u2013-Gold-Necklace-with-yellow-radiant-Lab-Diamond_N00885.jpg\" \/>\n\t<meta property=\"og:image:width\" content=\"1000\" \/>\n\t<meta property=\"og:image:height\" content=\"1000\" \/>\n\t<meta property=\"og:image:type\" content=\"image\/jpeg\" \/>\n<meta name=\"twitter:card\" content=\"summary_large_image\" \/>\n<meta name=\"twitter:label1\" content=\"Arvioitu lukuaika\" \/>\n\t<meta name=\"twitter:data1\" content=\"1 minuutti\" \/>\n<script type=\"application\/ld+json\" class=\"yoast-schema-graph\">{\"@context\":\"https:\/\/schema.org\",\"@graph\":[{\"@type\":\"WebPage\",\"@id\":\"https:\/\/colibri-jewels.eu\/fi\/tuote\/clio-kultainen-kaulakoru-fancy-intense-yellow-laboratoriotimantilla\/\",\"url\":\"https:\/\/colibri-jewels.eu\/fi\/tuote\/clio-kultainen-kaulakoru-fancy-intense-yellow-laboratoriotimantilla\/\",\"name\":\"Clio \u2013 kultainen kaulakoru Fancy Intense Yellow -laboratoriotimantilla - Colibri jewels\",\"isPartOf\":{\"@id\":\"https:\/\/colibri-jewels.eu\/fi\/#website\"},\"primaryImageOfPage\":{\"@id\":\"https:\/\/colibri-jewels.eu\/fi\/tuote\/clio-kultainen-kaulakoru-fancy-intense-yellow-laboratoriotimantilla\/#primaryimage\"},\"image\":{\"@id\":\"https:\/\/colibri-jewels.eu\/fi\/tuote\/clio-kultainen-kaulakoru-fancy-intense-yellow-laboratoriotimantilla\/#primaryimage\"},\"thumbnailUrl\":\"https:\/\/colibri-jewels.eu\/wp-content\/uploads\/2026\/03\/Clio-\u2013-Gold-Necklace-with-yellow-radiant-Lab-Diamond_N00885.jpg\",\"datePublished\":\"2026-03-23T16:25:18+00:00\",\"dateModified\":\"2026-04-24T10:26:21+00:00\",\"description\":\"Elegantti kultainen Clio-kaulakoru, jossa on 0,73 karaatin s\u00e4teilev\u00e4hiottu hienostunut keltainen labrador-timantti. Keltakultainen istutus ja herkk\u00e4 40 cm:n valkokultainen ankkuriketju.\",\"breadcrumb\":{\"@id\":\"https:\/\/colibri-jewels.eu\/fi\/tuote\/clio-kultainen-kaulakoru-fancy-intense-yellow-laboratoriotimantilla\/#breadcrumb\"},\"inLanguage\":\"fi\",\"potentialAction\":[{\"@type\":\"ReadAction\",\"target\":[\"https:\/\/colibri-jewels.eu\/fi\/tuote\/clio-kultainen-kaulakoru-fancy-intense-yellow-laboratoriotimantilla\/\"]}]},{\"@type\":\"ImageObject\",\"inLanguage\":\"fi\",\"@id\":\"https:\/\/colibri-jewels.eu\/fi\/tuote\/clio-kultainen-kaulakoru-fancy-intense-yellow-laboratoriotimantilla\/#primaryimage\",\"url\":\"https:\/\/colibri-jewels.eu\/wp-content\/uploads\/2026\/03\/Clio-\u2013-Gold-Necklace-with-yellow-radiant-Lab-Diamond_N00885.jpg\",\"contentUrl\":\"https:\/\/colibri-jewels.eu\/wp-content\/uploads\/2026\/03\/Clio-\u2013-Gold-Necklace-with-yellow-radiant-Lab-Diamond_N00885.jpg\",\"width\":1000,\"height\":1000},{\"@type\":\"BreadcrumbList\",\"@id\":\"https:\/\/colibri-jewels.eu\/fi\/tuote\/clio-kultainen-kaulakoru-fancy-intense-yellow-laboratoriotimantilla\/#breadcrumb\",\"itemListElement\":[{\"@type\":\"ListItem\",\"position\":1,\"name\":\"\u0413\u043b\u0430\u0432\u043d\u0430\u044f \u0441\u0442\u0440\u0430\u043d\u0438\u0446\u0430\",\"item\":\"https:\/\/colibri-jewels.eu\/fi\/\"},{\"@type\":\"ListItem\",\"position\":2,\"name\":\"Kauppa\",\"item\":\"https:\/\/colibri-jewels.eu\/fi\/kauppa\/\"},{\"@type\":\"ListItem\",\"position\":3,\"name\":\"Clio \u2013 kultainen kaulakoru Fancy Intense Yellow -laboratoriotimantilla\"}]},{\"@type\":\"WebSite\",\"@id\":\"https:\/\/colibri-jewels.eu\/fi\/#website\",\"url\":\"https:\/\/colibri-jewels.eu\/fi\/\",\"name\":\"Colibri jewels\",\"description\":\"jewelry shop\",\"publisher\":{\"@id\":\"https:\/\/colibri-jewels.eu\/fi\/#organization\"},\"potentialAction\":[{\"@type\":\"SearchAction\",\"target\":{\"@type\":\"EntryPoint\",\"urlTemplate\":\"https:\/\/colibri-jewels.eu\/fi\/?s={search_term_string}\"},\"query-input\":{\"@type\":\"PropertyValueSpecification\",\"valueRequired\":true,\"valueName\":\"search_term_string\"}}],\"inLanguage\":\"fi\"},{\"@type\":\"Organization\",\"@id\":\"https:\/\/colibri-jewels.eu\/fi\/#organization\",\"name\":\"O\u00dc Colibri\",\"url\":\"https:\/\/colibri-jewels.eu\/fi\/\",\"logo\":{\"@type\":\"ImageObject\",\"inLanguage\":\"fi\",\"@id\":\"https:\/\/colibri-jewels.eu\/fi\/#\/schema\/logo\/image\/\",\"url\":\"https:\/\/dev.colibri-jewels.eu\/wp-content\/uploads\/2021\/03\/colibri.png\",\"contentUrl\":\"https:\/\/dev.colibri-jewels.eu\/wp-content\/uploads\/2021\/03\/colibri.png\",\"width\":227,\"height\":130,\"caption\":\"O\u00dc Colibri\"},\"image\":{\"@id\":\"https:\/\/colibri-jewels.eu\/fi\/#\/schema\/logo\/image\/\"},\"sameAs\":[\"https:\/\/www.facebook.com\/colibri.jewels\",\"https:\/\/www.instagram.com\/colibri.jewels\",\"https:\/\/www.tiktok.com\/colibri.jewels\"]}]}<\/script>\n<!-- \/ Yoast SEO Premium plugin. -->","yoast_head_json":{"title":"Clio \u2013 kultainen kaulakoru Fancy Intense Yellow -laboratoriotimantilla - Colibri jewels","description":"Elegantti kultainen Clio-kaulakoru, jossa on 0,73 karaatin s\u00e4teilev\u00e4hiottu hienostunut keltainen labrador-timantti. Keltakultainen istutus ja herkk\u00e4 40 cm:n valkokultainen ankkuriketju.","robots":{"index":"index","follow":"follow","max-snippet":"max-snippet:-1","max-image-preview":"max-image-preview:large","max-video-preview":"max-video-preview:-1"},"canonical":"https:\/\/colibri-jewels.eu\/fi\/tuote\/clio-kultainen-kaulakoru-fancy-intense-yellow-laboratoriotimantilla\/","og_locale":"fi_FI","og_type":"article","og_title":"Clio \u2013 kultainen kaulakoru Fancy Intense Yellow -laboratoriotimantilla","og_description":"Elegantti kultainen Clio-kaulakoru, jossa on 0,73 karaatin s\u00e4teilev\u00e4hiottu hienostunut keltainen labrador-timantti. Keltakultainen istutus ja herkk\u00e4 40 cm:n valkokultainen ankkuriketju.","og_url":"https:\/\/colibri-jewels.eu\/fi\/tuote\/clio-kultainen-kaulakoru-fancy-intense-yellow-laboratoriotimantilla\/","og_site_name":"Colibri jewels","article_publisher":"https:\/\/www.facebook.com\/colibri.jewels","article_modified_time":"2026-04-24T10:26:21+00:00","og_image":[{"width":1000,"height":1000,"url":"https:\/\/colibri-jewels.eu\/wp-content\/uploads\/2026\/03\/Clio-\u2013-Gold-Necklace-with-yellow-radiant-Lab-Diamond_N00885.jpg","type":"image\/jpeg"}],"twitter_card":"summary_large_image","twitter_misc":{"Arvioitu lukuaika":"1 minuutti"},"schema":{"@context":"https:\/\/schema.org","@graph":[{"@type":"WebPage","@id":"https:\/\/colibri-jewels.eu\/fi\/tuote\/clio-kultainen-kaulakoru-fancy-intense-yellow-laboratoriotimantilla\/","url":"https:\/\/colibri-jewels.eu\/fi\/tuote\/clio-kultainen-kaulakoru-fancy-intense-yellow-laboratoriotimantilla\/","name":"Clio \u2013 kultainen kaulakoru Fancy Intense Yellow -laboratoriotimantilla - Colibri jewels","isPartOf":{"@id":"https:\/\/colibri-jewels.eu\/fi\/#website"},"primaryImageOfPage":{"@id":"https:\/\/colibri-jewels.eu\/fi\/tuote\/clio-kultainen-kaulakoru-fancy-intense-yellow-laboratoriotimantilla\/#primaryimage"},"image":{"@id":"https:\/\/colibri-jewels.eu\/fi\/tuote\/clio-kultainen-kaulakoru-fancy-intense-yellow-laboratoriotimantilla\/#primaryimage"},"thumbnailUrl":"https:\/\/colibri-jewels.eu\/wp-content\/uploads\/2026\/03\/Clio-\u2013-Gold-Necklace-with-yellow-radiant-Lab-Diamond_N00885.jpg","datePublished":"2026-03-23T16:25:18+00:00","dateModified":"2026-04-24T10:26:21+00:00","description":"Elegantti kultainen Clio-kaulakoru, jossa on 0,73 karaatin s\u00e4teilev\u00e4hiottu hienostunut keltainen labrador-timantti. Keltakultainen istutus ja herkk\u00e4 40 cm:n valkokultainen ankkuriketju.","breadcrumb":{"@id":"https:\/\/colibri-jewels.eu\/fi\/tuote\/clio-kultainen-kaulakoru-fancy-intense-yellow-laboratoriotimantilla\/#breadcrumb"},"inLanguage":"fi","potentialAction":[{"@type":"ReadAction","target":["https:\/\/colibri-jewels.eu\/fi\/tuote\/clio-kultainen-kaulakoru-fancy-intense-yellow-laboratoriotimantilla\/"]}]},{"@type":"ImageObject","inLanguage":"fi","@id":"https:\/\/colibri-jewels.eu\/fi\/tuote\/clio-kultainen-kaulakoru-fancy-intense-yellow-laboratoriotimantilla\/#primaryimage","url":"https:\/\/colibri-jewels.eu\/wp-content\/uploads\/2026\/03\/Clio-\u2013-Gold-Necklace-with-yellow-radiant-Lab-Diamond_N00885.jpg","contentUrl":"https:\/\/colibri-jewels.eu\/wp-content\/uploads\/2026\/03\/Clio-\u2013-Gold-Necklace-with-yellow-radiant-Lab-Diamond_N00885.jpg","width":1000,"height":1000},{"@type":"BreadcrumbList","@id":"https:\/\/colibri-jewels.eu\/fi\/tuote\/clio-kultainen-kaulakoru-fancy-intense-yellow-laboratoriotimantilla\/#breadcrumb","itemListElement":[{"@type":"ListItem","position":1,"name":"\u0413\u043b\u0430\u0432\u043d\u0430\u044f \u0441\u0442\u0440\u0430\u043d\u0438\u0446\u0430","item":"https:\/\/colibri-jewels.eu\/fi\/"},{"@type":"ListItem","position":2,"name":"Kauppa","item":"https:\/\/colibri-jewels.eu\/fi\/kauppa\/"},{"@type":"ListItem","position":3,"name":"Clio \u2013 kultainen kaulakoru Fancy Intense Yellow -laboratoriotimantilla"}]},{"@type":"WebSite","@id":"https:\/\/colibri-jewels.eu\/fi\/#website","url":"https:\/\/colibri-jewels.eu\/fi\/","name":"Colibri jewels","description":"jewelry shop","publisher":{"@id":"https:\/\/colibri-jewels.eu\/fi\/#organization"},"potentialAction":[{"@type":"SearchAction","target":{"@type":"EntryPoint","urlTemplate":"https:\/\/colibri-jewels.eu\/fi\/?s={search_term_string}"},"query-input":{"@type":"PropertyValueSpecification","valueRequired":true,"valueName":"search_term_string"}}],"inLanguage":"fi"},{"@type":"Organization","@id":"https:\/\/colibri-jewels.eu\/fi\/#organization","name":"O\u00dc Colibri","url":"https:\/\/colibri-jewels.eu\/fi\/","logo":{"@type":"ImageObject","inLanguage":"fi","@id":"https:\/\/colibri-jewels.eu\/fi\/#\/schema\/logo\/image\/","url":"https:\/\/dev.colibri-jewels.eu\/wp-content\/uploads\/2021\/03\/colibri.png","contentUrl":"https:\/\/dev.colibri-jewels.eu\/wp-content\/uploads\/2021\/03\/colibri.png","width":227,"height":130,"caption":"O\u00dc Colibri"},"image":{"@id":"https:\/\/colibri-jewels.eu\/fi\/#\/schema\/logo\/image\/"},"sameAs":["https:\/\/www.facebook.com\/colibri.jewels","https:\/\/www.instagram.com\/colibri.jewels","https:\/\/www.tiktok.com\/colibri.jewels"]}]}},"_links":{"self":[{"href":"https:\/\/colibri-jewels.eu\/fi\/wp-json\/wp\/v2\/product\/63073","targetHints":{"allow":["GET"]}}],"collection":[{"href":"https:\/\/colibri-jewels.eu\/fi\/wp-json\/wp\/v2\/product"}],"about":[{"href":"https:\/\/colibri-jewels.eu\/fi\/wp-json\/wp\/v2\/types\/product"}],"replies":[{"embeddable":true,"href":"https:\/\/colibri-jewels.eu\/fi\/wp-json\/wp\/v2\/comments?post=63073"}],"version-history":[{"count":2,"href":"https:\/\/colibri-jewels.eu\/fi\/wp-json\/wp\/v2\/product\/63073\/revisions"}],"predecessor-version":[{"id":63113,"href":"https:\/\/colibri-jewels.eu\/fi\/wp-json\/wp\/v2\/product\/63073\/revisions\/63113"}],"wp:featuredmedia":[{"embeddable":true,"href":"https:\/\/colibri-jewels.eu\/fi\/wp-json\/wp\/v2\/media\/63071"}],"wp:attachment":[{"href":"https:\/\/colibri-jewels.eu\/fi\/wp-json\/wp\/v2\/media?parent=63073"}],"wp:term":[{"taxonomy":"brand","embeddable":true,"href":"https:\/\/colibri-jewels.eu\/fi\/wp-json\/wp\/v2\/etheme_brands?post=63073"},{"taxonomy":"product_brand","embeddable":true,"href":"https:\/\/colibri-jewels.eu\/fi\/wp-json\/wp\/v2\/product_brand?post=63073"},{"taxonomy":"product_cat","embeddable":true,"href":"https:\/\/colibri-jewels.eu\/fi\/wp-json\/wp\/v2\/product_cat?post=63073"},{"taxonomy":"product_tag","embeddable":true,"href":"https:\/\/colibri-jewels.eu\/fi\/wp-json\/wp\/v2\/product_tag?post=63073"}],"curies":[{"name":"wp","href":"https:\/\/api.w.org\/{rel}","templated":true}]}}