{"id":63218,"date":"2026-03-19T18:59:29","date_gmt":"2026-03-19T16:59:29","guid":{"rendered":"https:\/\/colibri-jewels.eu\/?post_type=product&#038;p=63218"},"modified":"2026-03-19T19:54:04","modified_gmt":"2026-03-19T17:54:04","slug":"caprice-kasintehty-hopeinen-sormus-riipuksilla","status":"publish","type":"product","link":"https:\/\/colibri-jewels.eu\/fi\/tuote\/caprice-kasintehty-hopeinen-sormus-riipuksilla\/","title":{"rendered":"&#8221;Caprice&#8221; &#8211; k\u00e4sintehty hopeinen sormus riipuksilla"},"content":{"rendered":"<p>Caprice on t\u00e4ysin k\u00e4sin valmistettu hopeasormus modernilla monikerroksisella muotoilulla.<br \/>\nSormuksessa on liikkuvat riipukset, jotka liukuvat vapaasti sormuksen ymp\u00e4ri eiv\u00e4tk\u00e4 ole kiinnitetty yhteen kohtaan, luoden hienovaraisen liikkeen tunteen. Yksi riipuksista on pehme\u00e4n vaaleanpunainen makeanveden helmi, jota t\u00e4ydent\u00e4\u00e4 kiillotettu metallielementti kontrastin luomiseksi.<br \/>\nMinimalistinen, leikkis\u00e4 ja moderni koru, joka sopii jokap\u00e4iv\u00e4iseen k\u00e4ytt\u00f6\u00f6n tai ainutlaatuiseksi lahjaksi.<\/p>\n<p>Sterling-hopeaa, rodiumpinnoite.<\/p>\n","protected":false},"excerpt":{"rendered":"<p>Caprice on t\u00e4ysin k\u00e4sin valmistettu hopeasormus modernilla monikerroksisella muotoilulla. Sormuksessa on liikkuvat riipukset, jotka liukuvat vapaasti sormuksen ymp\u00e4ri eiv\u00e4tk\u00e4 ole kiinnitetty yhteen kohtaan, luoden hienovaraisen&#8230;<\/p>\n","protected":false},"featured_media":63216,"comment_status":"open","ping_status":"closed","template":"","meta":[],"etheme_brands":[],"product_brand":[],"product_cat":[990],"product_tag":[],"class_list":{"0":"post-63218","1":"product","2":"type-product","3":"status-publish","4":"has-post-thumbnail","6":"product_cat-sormukset","8":"first","9":"instock","10":"shipping-taxable","11":"purchasable","12":"product-type-simple"},"acf":[],"yoast_head":"<!-- This site is optimized with the Yoast SEO Premium plugin v26.5 (Yoast SEO v26.8) - https:\/\/yoast.com\/product\/yoast-seo-premium-wordpress\/ -->\n<title>&quot;Caprice&quot; - k\u00e4sintehty hopeinen sormus riipuksilla - Colibri jewels<\/title>\n<meta name=\"description\" content=\"Caprice \u2014 tyylik\u00e4s k\u00e4sintehty hopeinen sormus liikkuvilla riipuksilla ja vaaleanpunaisella helmell\u00e4. Kevyt, leikkis\u00e4 ja moderni sormus arkik\u00e4ytt\u00f6\u00f6n.\" \/>\n<meta name=\"robots\" content=\"index, follow, max-snippet:-1, max-image-preview:large, max-video-preview:-1\" \/>\n<link rel=\"canonical\" href=\"https:\/\/colibri-jewels.eu\/fi\/tuote\/caprice-kasintehty-hopeinen-sormus-riipuksilla\/\" \/>\n<meta property=\"og:locale\" content=\"fi_FI\" \/>\n<meta property=\"og:type\" content=\"article\" \/>\n<meta property=\"og:title\" content=\"&quot;Caprice&quot; - k\u00e4sintehty hopeinen sormus riipuksilla\" \/>\n<meta property=\"og:description\" content=\"Caprice \u2014 tyylik\u00e4s k\u00e4sintehty hopeinen sormus liikkuvilla riipuksilla ja vaaleanpunaisella helmell\u00e4. Kevyt, leikkis\u00e4 ja moderni sormus arkik\u00e4ytt\u00f6\u00f6n.\" \/>\n<meta property=\"og:url\" content=\"https:\/\/colibri-jewels.eu\/fi\/tuote\/caprice-kasintehty-hopeinen-sormus-riipuksilla\/\" \/>\n<meta property=\"og:site_name\" content=\"Colibri jewels\" \/>\n<meta property=\"article:publisher\" content=\"https:\/\/www.facebook.com\/colibri.jewels\" \/>\n<meta property=\"article:modified_time\" content=\"2026-03-19T17:54:04+00:00\" \/>\n<meta property=\"og:image\" content=\"https:\/\/colibri-jewels.eu\/wp-content\/uploads\/2026\/02\/silver-ring-with-pendants-Caprice.jpg\" \/>\n\t<meta property=\"og:image:width\" content=\"1000\" \/>\n\t<meta property=\"og:image:height\" content=\"1000\" \/>\n\t<meta property=\"og:image:type\" content=\"image\/jpeg\" \/>\n<meta name=\"twitter:card\" content=\"summary_large_image\" \/>\n<script type=\"application\/ld+json\" class=\"yoast-schema-graph\">{\"@context\":\"https:\/\/schema.org\",\"@graph\":[{\"@type\":\"WebPage\",\"@id\":\"https:\/\/colibri-jewels.eu\/fi\/tuote\/caprice-kasintehty-hopeinen-sormus-riipuksilla\/\",\"url\":\"https:\/\/colibri-jewels.eu\/fi\/tuote\/caprice-kasintehty-hopeinen-sormus-riipuksilla\/\",\"name\":\"\\\"Caprice\\\" - k\u00e4sintehty hopeinen sormus riipuksilla - Colibri jewels\",\"isPartOf\":{\"@id\":\"https:\/\/colibri-jewels.eu\/fi\/#website\"},\"primaryImageOfPage\":{\"@id\":\"https:\/\/colibri-jewels.eu\/fi\/tuote\/caprice-kasintehty-hopeinen-sormus-riipuksilla\/#primaryimage\"},\"image\":{\"@id\":\"https:\/\/colibri-jewels.eu\/fi\/tuote\/caprice-kasintehty-hopeinen-sormus-riipuksilla\/#primaryimage\"},\"thumbnailUrl\":\"https:\/\/colibri-jewels.eu\/wp-content\/uploads\/2026\/02\/silver-ring-with-pendants-Caprice.jpg\",\"datePublished\":\"2026-03-19T16:59:29+00:00\",\"dateModified\":\"2026-03-19T17:54:04+00:00\",\"description\":\"Caprice \u2014 tyylik\u00e4s k\u00e4sintehty hopeinen sormus liikkuvilla riipuksilla ja vaaleanpunaisella helmell\u00e4. Kevyt, leikkis\u00e4 ja moderni sormus arkik\u00e4ytt\u00f6\u00f6n.\",\"breadcrumb\":{\"@id\":\"https:\/\/colibri-jewels.eu\/fi\/tuote\/caprice-kasintehty-hopeinen-sormus-riipuksilla\/#breadcrumb\"},\"inLanguage\":\"fi\",\"potentialAction\":[{\"@type\":\"ReadAction\",\"target\":[\"https:\/\/colibri-jewels.eu\/fi\/tuote\/caprice-kasintehty-hopeinen-sormus-riipuksilla\/\"]}]},{\"@type\":\"ImageObject\",\"inLanguage\":\"fi\",\"@id\":\"https:\/\/colibri-jewels.eu\/fi\/tuote\/caprice-kasintehty-hopeinen-sormus-riipuksilla\/#primaryimage\",\"url\":\"https:\/\/colibri-jewels.eu\/wp-content\/uploads\/2026\/02\/silver-ring-with-pendants-Caprice.jpg\",\"contentUrl\":\"https:\/\/colibri-jewels.eu\/wp-content\/uploads\/2026\/02\/silver-ring-with-pendants-Caprice.jpg\",\"width\":1000,\"height\":1000},{\"@type\":\"BreadcrumbList\",\"@id\":\"https:\/\/colibri-jewels.eu\/fi\/tuote\/caprice-kasintehty-hopeinen-sormus-riipuksilla\/#breadcrumb\",\"itemListElement\":[{\"@type\":\"ListItem\",\"position\":1,\"name\":\"\u0413\u043b\u0430\u0432\u043d\u0430\u044f \u0441\u0442\u0440\u0430\u043d\u0438\u0446\u0430\",\"item\":\"https:\/\/colibri-jewels.eu\/fi\/\"},{\"@type\":\"ListItem\",\"position\":2,\"name\":\"Kauppa\",\"item\":\"https:\/\/colibri-jewels.eu\/fi\/kauppa\/\"},{\"@type\":\"ListItem\",\"position\":3,\"name\":\"&#8221;Caprice&#8221; &#8211; k\u00e4sintehty hopeinen sormus riipuksilla\"}]},{\"@type\":\"WebSite\",\"@id\":\"https:\/\/colibri-jewels.eu\/fi\/#website\",\"url\":\"https:\/\/colibri-jewels.eu\/fi\/\",\"name\":\"Colibri jewels\",\"description\":\"jewelry shop\",\"publisher\":{\"@id\":\"https:\/\/colibri-jewels.eu\/fi\/#organization\"},\"potentialAction\":[{\"@type\":\"SearchAction\",\"target\":{\"@type\":\"EntryPoint\",\"urlTemplate\":\"https:\/\/colibri-jewels.eu\/fi\/?s={search_term_string}\"},\"query-input\":{\"@type\":\"PropertyValueSpecification\",\"valueRequired\":true,\"valueName\":\"search_term_string\"}}],\"inLanguage\":\"fi\"},{\"@type\":\"Organization\",\"@id\":\"https:\/\/colibri-jewels.eu\/fi\/#organization\",\"name\":\"O\u00dc Colibri\",\"url\":\"https:\/\/colibri-jewels.eu\/fi\/\",\"logo\":{\"@type\":\"ImageObject\",\"inLanguage\":\"fi\",\"@id\":\"https:\/\/colibri-jewels.eu\/fi\/#\/schema\/logo\/image\/\",\"url\":\"https:\/\/dev.colibri-jewels.eu\/wp-content\/uploads\/2021\/03\/colibri.png\",\"contentUrl\":\"https:\/\/dev.colibri-jewels.eu\/wp-content\/uploads\/2021\/03\/colibri.png\",\"width\":227,\"height\":130,\"caption\":\"O\u00dc Colibri\"},\"image\":{\"@id\":\"https:\/\/colibri-jewels.eu\/fi\/#\/schema\/logo\/image\/\"},\"sameAs\":[\"https:\/\/www.facebook.com\/colibri.jewels\",\"https:\/\/www.instagram.com\/colibri.jewels\",\"https:\/\/www.tiktok.com\/colibri.jewels\"]}]}<\/script>\n<!-- \/ Yoast SEO Premium plugin. -->","yoast_head_json":{"title":"\"Caprice\" - k\u00e4sintehty hopeinen sormus riipuksilla - Colibri jewels","description":"Caprice \u2014 tyylik\u00e4s k\u00e4sintehty hopeinen sormus liikkuvilla riipuksilla ja vaaleanpunaisella helmell\u00e4. Kevyt, leikkis\u00e4 ja moderni sormus arkik\u00e4ytt\u00f6\u00f6n.","robots":{"index":"index","follow":"follow","max-snippet":"max-snippet:-1","max-image-preview":"max-image-preview:large","max-video-preview":"max-video-preview:-1"},"canonical":"https:\/\/colibri-jewels.eu\/fi\/tuote\/caprice-kasintehty-hopeinen-sormus-riipuksilla\/","og_locale":"fi_FI","og_type":"article","og_title":"\"Caprice\" - k\u00e4sintehty hopeinen sormus riipuksilla","og_description":"Caprice \u2014 tyylik\u00e4s k\u00e4sintehty hopeinen sormus liikkuvilla riipuksilla ja vaaleanpunaisella helmell\u00e4. Kevyt, leikkis\u00e4 ja moderni sormus arkik\u00e4ytt\u00f6\u00f6n.","og_url":"https:\/\/colibri-jewels.eu\/fi\/tuote\/caprice-kasintehty-hopeinen-sormus-riipuksilla\/","og_site_name":"Colibri jewels","article_publisher":"https:\/\/www.facebook.com\/colibri.jewels","article_modified_time":"2026-03-19T17:54:04+00:00","og_image":[{"width":1000,"height":1000,"url":"https:\/\/colibri-jewels.eu\/wp-content\/uploads\/2026\/02\/silver-ring-with-pendants-Caprice.jpg","type":"image\/jpeg"}],"twitter_card":"summary_large_image","schema":{"@context":"https:\/\/schema.org","@graph":[{"@type":"WebPage","@id":"https:\/\/colibri-jewels.eu\/fi\/tuote\/caprice-kasintehty-hopeinen-sormus-riipuksilla\/","url":"https:\/\/colibri-jewels.eu\/fi\/tuote\/caprice-kasintehty-hopeinen-sormus-riipuksilla\/","name":"\"Caprice\" - k\u00e4sintehty hopeinen sormus riipuksilla - Colibri jewels","isPartOf":{"@id":"https:\/\/colibri-jewels.eu\/fi\/#website"},"primaryImageOfPage":{"@id":"https:\/\/colibri-jewels.eu\/fi\/tuote\/caprice-kasintehty-hopeinen-sormus-riipuksilla\/#primaryimage"},"image":{"@id":"https:\/\/colibri-jewels.eu\/fi\/tuote\/caprice-kasintehty-hopeinen-sormus-riipuksilla\/#primaryimage"},"thumbnailUrl":"https:\/\/colibri-jewels.eu\/wp-content\/uploads\/2026\/02\/silver-ring-with-pendants-Caprice.jpg","datePublished":"2026-03-19T16:59:29+00:00","dateModified":"2026-03-19T17:54:04+00:00","description":"Caprice \u2014 tyylik\u00e4s k\u00e4sintehty hopeinen sormus liikkuvilla riipuksilla ja vaaleanpunaisella helmell\u00e4. Kevyt, leikkis\u00e4 ja moderni sormus arkik\u00e4ytt\u00f6\u00f6n.","breadcrumb":{"@id":"https:\/\/colibri-jewels.eu\/fi\/tuote\/caprice-kasintehty-hopeinen-sormus-riipuksilla\/#breadcrumb"},"inLanguage":"fi","potentialAction":[{"@type":"ReadAction","target":["https:\/\/colibri-jewels.eu\/fi\/tuote\/caprice-kasintehty-hopeinen-sormus-riipuksilla\/"]}]},{"@type":"ImageObject","inLanguage":"fi","@id":"https:\/\/colibri-jewels.eu\/fi\/tuote\/caprice-kasintehty-hopeinen-sormus-riipuksilla\/#primaryimage","url":"https:\/\/colibri-jewels.eu\/wp-content\/uploads\/2026\/02\/silver-ring-with-pendants-Caprice.jpg","contentUrl":"https:\/\/colibri-jewels.eu\/wp-content\/uploads\/2026\/02\/silver-ring-with-pendants-Caprice.jpg","width":1000,"height":1000},{"@type":"BreadcrumbList","@id":"https:\/\/colibri-jewels.eu\/fi\/tuote\/caprice-kasintehty-hopeinen-sormus-riipuksilla\/#breadcrumb","itemListElement":[{"@type":"ListItem","position":1,"name":"\u0413\u043b\u0430\u0432\u043d\u0430\u044f \u0441\u0442\u0440\u0430\u043d\u0438\u0446\u0430","item":"https:\/\/colibri-jewels.eu\/fi\/"},{"@type":"ListItem","position":2,"name":"Kauppa","item":"https:\/\/colibri-jewels.eu\/fi\/kauppa\/"},{"@type":"ListItem","position":3,"name":"&#8221;Caprice&#8221; &#8211; k\u00e4sintehty hopeinen sormus riipuksilla"}]},{"@type":"WebSite","@id":"https:\/\/colibri-jewels.eu\/fi\/#website","url":"https:\/\/colibri-jewels.eu\/fi\/","name":"Colibri jewels","description":"jewelry shop","publisher":{"@id":"https:\/\/colibri-jewels.eu\/fi\/#organization"},"potentialAction":[{"@type":"SearchAction","target":{"@type":"EntryPoint","urlTemplate":"https:\/\/colibri-jewels.eu\/fi\/?s={search_term_string}"},"query-input":{"@type":"PropertyValueSpecification","valueRequired":true,"valueName":"search_term_string"}}],"inLanguage":"fi"},{"@type":"Organization","@id":"https:\/\/colibri-jewels.eu\/fi\/#organization","name":"O\u00dc Colibri","url":"https:\/\/colibri-jewels.eu\/fi\/","logo":{"@type":"ImageObject","inLanguage":"fi","@id":"https:\/\/colibri-jewels.eu\/fi\/#\/schema\/logo\/image\/","url":"https:\/\/dev.colibri-jewels.eu\/wp-content\/uploads\/2021\/03\/colibri.png","contentUrl":"https:\/\/dev.colibri-jewels.eu\/wp-content\/uploads\/2021\/03\/colibri.png","width":227,"height":130,"caption":"O\u00dc Colibri"},"image":{"@id":"https:\/\/colibri-jewels.eu\/fi\/#\/schema\/logo\/image\/"},"sameAs":["https:\/\/www.facebook.com\/colibri.jewels","https:\/\/www.instagram.com\/colibri.jewels","https:\/\/www.tiktok.com\/colibri.jewels"]}]}},"_links":{"self":[{"href":"https:\/\/colibri-jewels.eu\/fi\/wp-json\/wp\/v2\/product\/63218","targetHints":{"allow":["GET"]}}],"collection":[{"href":"https:\/\/colibri-jewels.eu\/fi\/wp-json\/wp\/v2\/product"}],"about":[{"href":"https:\/\/colibri-jewels.eu\/fi\/wp-json\/wp\/v2\/types\/product"}],"replies":[{"embeddable":true,"href":"https:\/\/colibri-jewels.eu\/fi\/wp-json\/wp\/v2\/comments?post=63218"}],"version-history":[{"count":1,"href":"https:\/\/colibri-jewels.eu\/fi\/wp-json\/wp\/v2\/product\/63218\/revisions"}],"predecessor-version":[{"id":63221,"href":"https:\/\/colibri-jewels.eu\/fi\/wp-json\/wp\/v2\/product\/63218\/revisions\/63221"}],"wp:featuredmedia":[{"embeddable":true,"href":"https:\/\/colibri-jewels.eu\/fi\/wp-json\/wp\/v2\/media\/63216"}],"wp:attachment":[{"href":"https:\/\/colibri-jewels.eu\/fi\/wp-json\/wp\/v2\/media?parent=63218"}],"wp:term":[{"taxonomy":"brand","embeddable":true,"href":"https:\/\/colibri-jewels.eu\/fi\/wp-json\/wp\/v2\/etheme_brands?post=63218"},{"taxonomy":"product_brand","embeddable":true,"href":"https:\/\/colibri-jewels.eu\/fi\/wp-json\/wp\/v2\/product_brand?post=63218"},{"taxonomy":"product_cat","embeddable":true,"href":"https:\/\/colibri-jewels.eu\/fi\/wp-json\/wp\/v2\/product_cat?post=63218"},{"taxonomy":"product_tag","embeddable":true,"href":"https:\/\/colibri-jewels.eu\/fi\/wp-json\/wp\/v2\/product_tag?post=63218"}],"curies":[{"name":"wp","href":"https:\/\/api.w.org\/{rel}","templated":true}]}}