{"id":63399,"date":"2026-04-06T11:39:34","date_gmt":"2026-04-06T08:39:34","guid":{"rendered":"https:\/\/colibri-jewels.eu\/?post_type=product&#038;p=63399"},"modified":"2026-04-06T14:12:12","modified_gmt":"2026-04-06T11:12:12","slug":"tyylikkaat-pussetit-valkoisesta-kullasta-lab-cushion-hiotuilla-timanteilla-0-5-ct-vespera","status":"publish","type":"product","link":"https:\/\/colibri-jewels.eu\/fi\/tuote\/tyylikkaat-pussetit-valkoisesta-kullasta-lab-cushion-hiotuilla-timanteilla-0-5-ct-vespera\/","title":{"rendered":"Tyylikk\u00e4\u00e4t pussetit valkoisesta kullasta lab cushion-hiotuilla timanteilla 0.5 ct &#8221;Vespera&#8221;"},"content":{"rendered":"<p dir=\"auto\" style=\"white-space-collapse: preserve;\"><strong>Vespera<\/strong> \u2014 tyylikk\u00e4\u00e4t nappikorvakorut (pussetit) 585 (14K) valkoisesta kullasta lab cushion-hiotuilla timanteilla.<\/p>\n<p dir=\"auto\" style=\"white-space-collapse: preserve;\">Korvakorut kahdella 0,5 karaatin timantilla kummassakin. Pehme\u00e4 romanttinen cushion-hionta antaa samettisen, hell\u00e4n hohteen \u2014 toisin kuin klassisen py\u00f6re\u00e4n timantin tiukka kiilto. Varmat ruuvilukot ja kynsikiinnitys takaavat mukavuuden ja turvallisuuden. Jokainen timantti on IGI-sertifioitu.<\/p>\n<p>&nbsp;<\/p>\n<p dir=\"auto\" style=\"white-space-collapse: preserve;\">T\u00e4ydelliset kultakorvakorut niille, jotka arvostavat hienostunutta vintage-pehmeytt\u00e4 ja modernia ylellisyytt\u00e4.<\/p>\n","protected":false},"excerpt":{"rendered":"<p dir=\"auto\" style=\"white-space-collapse: preserve;\"><strong>Vespera<\/strong> \u2014 tyylikk\u00e4\u00e4t nappikorvakorut (pussetit) 585 (14K) valkoisesta kullasta lab cushion-hiotuilla timanteilla.<\/p>\n<p dir=\"auto\" style=\"white-space-collapse: preserve;\">Korvakorut kahdella 0,5 karaatin timantilla kummassakin. Pehme\u00e4 romanttinen cushion-hionta antaa samettisen, hell\u00e4n hohteen \u2014 toisin kuin klassisen py\u00f6re\u00e4n timantin tiukka kiilto. Varmat ruuvilukot ja kynsikiinnitys takaavat mukavuuden ja turvallisuuden. Jokainen timantti on IGI-sertifioitu.<\/p>\n<p>&nbsp;<\/p>\n<p dir=\"auto\" style=\"white-space-collapse: preserve;\">T\u00e4ydelliset kultakorvakorut niille, jotka arvostavat hienostunutta vintage-pehmeytt\u00e4 ja modernia ylellisyytt\u00e4.<\/p>\n","protected":false},"featured_media":63397,"comment_status":"open","ping_status":"closed","template":"","meta":[],"etheme_brands":[],"product_brand":[],"product_cat":[987],"product_tag":[994,1002,1007],"class_list":{"0":"post-63399","1":"product","2":"type-product","3":"status-publish","4":"has-post-thumbnail","6":"product_cat-korvakorut","7":"product_tag-klassiset","8":"product_tag-lakoniset","9":"product_tag-solitaire-sormus","11":"first","12":"instock","13":"shipping-taxable","14":"purchasable","15":"product-type-simple"},"acf":[],"yoast_head":"<!-- This site is optimized with the Yoast SEO Premium plugin v26.5 (Yoast SEO v26.8) - https:\/\/yoast.com\/product\/yoast-seo-premium-wordpress\/ -->\n<title>Tyylikk\u00e4\u00e4t pussetit valkoisesta kullasta lab cushion-hiotuilla timanteilla 0.5 ct &quot;Vespera&quot; - Colibri jewels<\/title>\n<meta name=\"description\" content=\"Vespera \u2014 tyylikk\u00e4\u00e4t 585 (14K) valkokultaiset nappikorvakorut (pussetit) lab cushion-hiotuilla timanteilla (0,5 karaatia). Samettinen hell\u00e4 hohto, ruuvilukot, kynsikiinnitys, IGI-sertifikaatit. Vintage-pehmeys kohtaa modernin luksuksen.\" \/>\n<meta name=\"robots\" content=\"index, follow, max-snippet:-1, max-image-preview:large, max-video-preview:-1\" \/>\n<link rel=\"canonical\" href=\"https:\/\/colibri-jewels.eu\/fi\/tuote\/tyylikkaat-pussetit-valkoisesta-kullasta-lab-cushion-hiotuilla-timanteilla-0-5-ct-vespera\/\" \/>\n<meta property=\"og:locale\" content=\"fi_FI\" \/>\n<meta property=\"og:type\" content=\"article\" \/>\n<meta property=\"og:title\" content=\"Tyylikk\u00e4\u00e4t pussetit valkoisesta kullasta lab cushion-hiotuilla timanteilla 0.5 ct &quot;Vespera&quot;\" \/>\n<meta property=\"og:description\" content=\"Vespera \u2014 tyylikk\u00e4\u00e4t 585 (14K) valkokultaiset nappikorvakorut (pussetit) lab cushion-hiotuilla timanteilla (0,5 karaatia). Samettinen hell\u00e4 hohto, ruuvilukot, kynsikiinnitys, IGI-sertifikaatit. Vintage-pehmeys kohtaa modernin luksuksen.\" \/>\n<meta property=\"og:url\" content=\"https:\/\/colibri-jewels.eu\/fi\/tuote\/tyylikkaat-pussetit-valkoisesta-kullasta-lab-cushion-hiotuilla-timanteilla-0-5-ct-vespera\/\" \/>\n<meta property=\"og:site_name\" content=\"Colibri jewels\" \/>\n<meta property=\"article:publisher\" content=\"https:\/\/www.facebook.com\/colibri.jewels\" \/>\n<meta property=\"article:modified_time\" content=\"2026-04-06T11:12:12+00:00\" \/>\n<meta property=\"og:image\" content=\"https:\/\/colibri-jewels.eu\/wp-content\/uploads\/2026\/04\/white-gold-studs-earrings-with-lab-diamonds-cusions-0.5-ct-Vespera_.jpg\" \/>\n\t<meta property=\"og:image:width\" content=\"1000\" \/>\n\t<meta property=\"og:image:height\" content=\"1000\" \/>\n\t<meta property=\"og:image:type\" content=\"image\/jpeg\" \/>\n<meta name=\"twitter:card\" content=\"summary_large_image\" \/>\n<script type=\"application\/ld+json\" class=\"yoast-schema-graph\">{\"@context\":\"https:\/\/schema.org\",\"@graph\":[{\"@type\":\"WebPage\",\"@id\":\"https:\/\/colibri-jewels.eu\/fi\/tuote\/tyylikkaat-pussetit-valkoisesta-kullasta-lab-cushion-hiotuilla-timanteilla-0-5-ct-vespera\/\",\"url\":\"https:\/\/colibri-jewels.eu\/fi\/tuote\/tyylikkaat-pussetit-valkoisesta-kullasta-lab-cushion-hiotuilla-timanteilla-0-5-ct-vespera\/\",\"name\":\"Tyylikk\u00e4\u00e4t pussetit valkoisesta kullasta lab cushion-hiotuilla timanteilla 0.5 ct \\\"Vespera\\\" - Colibri jewels\",\"isPartOf\":{\"@id\":\"https:\/\/colibri-jewels.eu\/fi\/#website\"},\"primaryImageOfPage\":{\"@id\":\"https:\/\/colibri-jewels.eu\/fi\/tuote\/tyylikkaat-pussetit-valkoisesta-kullasta-lab-cushion-hiotuilla-timanteilla-0-5-ct-vespera\/#primaryimage\"},\"image\":{\"@id\":\"https:\/\/colibri-jewels.eu\/fi\/tuote\/tyylikkaat-pussetit-valkoisesta-kullasta-lab-cushion-hiotuilla-timanteilla-0-5-ct-vespera\/#primaryimage\"},\"thumbnailUrl\":\"https:\/\/colibri-jewels.eu\/wp-content\/uploads\/2026\/04\/white-gold-studs-earrings-with-lab-diamonds-cusions-0.5-ct-Vespera_.jpg\",\"datePublished\":\"2026-04-06T08:39:34+00:00\",\"dateModified\":\"2026-04-06T11:12:12+00:00\",\"description\":\"Vespera \u2014 tyylikk\u00e4\u00e4t 585 (14K) valkokultaiset nappikorvakorut (pussetit) lab cushion-hiotuilla timanteilla (0,5 karaatia). Samettinen hell\u00e4 hohto, ruuvilukot, kynsikiinnitys, IGI-sertifikaatit. Vintage-pehmeys kohtaa modernin luksuksen.\",\"breadcrumb\":{\"@id\":\"https:\/\/colibri-jewels.eu\/fi\/tuote\/tyylikkaat-pussetit-valkoisesta-kullasta-lab-cushion-hiotuilla-timanteilla-0-5-ct-vespera\/#breadcrumb\"},\"inLanguage\":\"fi\",\"potentialAction\":[{\"@type\":\"ReadAction\",\"target\":[\"https:\/\/colibri-jewels.eu\/fi\/tuote\/tyylikkaat-pussetit-valkoisesta-kullasta-lab-cushion-hiotuilla-timanteilla-0-5-ct-vespera\/\"]}]},{\"@type\":\"ImageObject\",\"inLanguage\":\"fi\",\"@id\":\"https:\/\/colibri-jewels.eu\/fi\/tuote\/tyylikkaat-pussetit-valkoisesta-kullasta-lab-cushion-hiotuilla-timanteilla-0-5-ct-vespera\/#primaryimage\",\"url\":\"https:\/\/colibri-jewels.eu\/wp-content\/uploads\/2026\/04\/white-gold-studs-earrings-with-lab-diamonds-cusions-0.5-ct-Vespera_.jpg\",\"contentUrl\":\"https:\/\/colibri-jewels.eu\/wp-content\/uploads\/2026\/04\/white-gold-studs-earrings-with-lab-diamonds-cusions-0.5-ct-Vespera_.jpg\",\"width\":1000,\"height\":1000},{\"@type\":\"BreadcrumbList\",\"@id\":\"https:\/\/colibri-jewels.eu\/fi\/tuote\/tyylikkaat-pussetit-valkoisesta-kullasta-lab-cushion-hiotuilla-timanteilla-0-5-ct-vespera\/#breadcrumb\",\"itemListElement\":[{\"@type\":\"ListItem\",\"position\":1,\"name\":\"\u0413\u043b\u0430\u0432\u043d\u0430\u044f \u0441\u0442\u0440\u0430\u043d\u0438\u0446\u0430\",\"item\":\"https:\/\/colibri-jewels.eu\/fi\/\"},{\"@type\":\"ListItem\",\"position\":2,\"name\":\"Kauppa\",\"item\":\"https:\/\/colibri-jewels.eu\/fi\/kauppa\/\"},{\"@type\":\"ListItem\",\"position\":3,\"name\":\"Tyylikk\u00e4\u00e4t pussetit valkoisesta kullasta lab cushion-hiotuilla timanteilla 0.5 ct &#8221;Vespera&#8221;\"}]},{\"@type\":\"WebSite\",\"@id\":\"https:\/\/colibri-jewels.eu\/fi\/#website\",\"url\":\"https:\/\/colibri-jewels.eu\/fi\/\",\"name\":\"Colibri jewels\",\"description\":\"jewelry shop\",\"publisher\":{\"@id\":\"https:\/\/colibri-jewels.eu\/fi\/#organization\"},\"potentialAction\":[{\"@type\":\"SearchAction\",\"target\":{\"@type\":\"EntryPoint\",\"urlTemplate\":\"https:\/\/colibri-jewels.eu\/fi\/?s={search_term_string}\"},\"query-input\":{\"@type\":\"PropertyValueSpecification\",\"valueRequired\":true,\"valueName\":\"search_term_string\"}}],\"inLanguage\":\"fi\"},{\"@type\":\"Organization\",\"@id\":\"https:\/\/colibri-jewels.eu\/fi\/#organization\",\"name\":\"O\u00dc Colibri\",\"url\":\"https:\/\/colibri-jewels.eu\/fi\/\",\"logo\":{\"@type\":\"ImageObject\",\"inLanguage\":\"fi\",\"@id\":\"https:\/\/colibri-jewels.eu\/fi\/#\/schema\/logo\/image\/\",\"url\":\"https:\/\/dev.colibri-jewels.eu\/wp-content\/uploads\/2021\/03\/colibri.png\",\"contentUrl\":\"https:\/\/dev.colibri-jewels.eu\/wp-content\/uploads\/2021\/03\/colibri.png\",\"width\":227,\"height\":130,\"caption\":\"O\u00dc Colibri\"},\"image\":{\"@id\":\"https:\/\/colibri-jewels.eu\/fi\/#\/schema\/logo\/image\/\"},\"sameAs\":[\"https:\/\/www.facebook.com\/colibri.jewels\",\"https:\/\/www.instagram.com\/colibri.jewels\",\"https:\/\/www.tiktok.com\/colibri.jewels\"]}]}<\/script>\n<!-- \/ Yoast SEO Premium plugin. -->","yoast_head_json":{"title":"Tyylikk\u00e4\u00e4t pussetit valkoisesta kullasta lab cushion-hiotuilla timanteilla 0.5 ct \"Vespera\" - Colibri jewels","description":"Vespera \u2014 tyylikk\u00e4\u00e4t 585 (14K) valkokultaiset nappikorvakorut (pussetit) lab cushion-hiotuilla timanteilla (0,5 karaatia). Samettinen hell\u00e4 hohto, ruuvilukot, kynsikiinnitys, IGI-sertifikaatit. Vintage-pehmeys kohtaa modernin luksuksen.","robots":{"index":"index","follow":"follow","max-snippet":"max-snippet:-1","max-image-preview":"max-image-preview:large","max-video-preview":"max-video-preview:-1"},"canonical":"https:\/\/colibri-jewels.eu\/fi\/tuote\/tyylikkaat-pussetit-valkoisesta-kullasta-lab-cushion-hiotuilla-timanteilla-0-5-ct-vespera\/","og_locale":"fi_FI","og_type":"article","og_title":"Tyylikk\u00e4\u00e4t pussetit valkoisesta kullasta lab cushion-hiotuilla timanteilla 0.5 ct \"Vespera\"","og_description":"Vespera \u2014 tyylikk\u00e4\u00e4t 585 (14K) valkokultaiset nappikorvakorut (pussetit) lab cushion-hiotuilla timanteilla (0,5 karaatia). Samettinen hell\u00e4 hohto, ruuvilukot, kynsikiinnitys, IGI-sertifikaatit. Vintage-pehmeys kohtaa modernin luksuksen.","og_url":"https:\/\/colibri-jewels.eu\/fi\/tuote\/tyylikkaat-pussetit-valkoisesta-kullasta-lab-cushion-hiotuilla-timanteilla-0-5-ct-vespera\/","og_site_name":"Colibri jewels","article_publisher":"https:\/\/www.facebook.com\/colibri.jewels","article_modified_time":"2026-04-06T11:12:12+00:00","og_image":[{"width":1000,"height":1000,"url":"https:\/\/colibri-jewels.eu\/wp-content\/uploads\/2026\/04\/white-gold-studs-earrings-with-lab-diamonds-cusions-0.5-ct-Vespera_.jpg","type":"image\/jpeg"}],"twitter_card":"summary_large_image","schema":{"@context":"https:\/\/schema.org","@graph":[{"@type":"WebPage","@id":"https:\/\/colibri-jewels.eu\/fi\/tuote\/tyylikkaat-pussetit-valkoisesta-kullasta-lab-cushion-hiotuilla-timanteilla-0-5-ct-vespera\/","url":"https:\/\/colibri-jewels.eu\/fi\/tuote\/tyylikkaat-pussetit-valkoisesta-kullasta-lab-cushion-hiotuilla-timanteilla-0-5-ct-vespera\/","name":"Tyylikk\u00e4\u00e4t pussetit valkoisesta kullasta lab cushion-hiotuilla timanteilla 0.5 ct \"Vespera\" - Colibri jewels","isPartOf":{"@id":"https:\/\/colibri-jewels.eu\/fi\/#website"},"primaryImageOfPage":{"@id":"https:\/\/colibri-jewels.eu\/fi\/tuote\/tyylikkaat-pussetit-valkoisesta-kullasta-lab-cushion-hiotuilla-timanteilla-0-5-ct-vespera\/#primaryimage"},"image":{"@id":"https:\/\/colibri-jewels.eu\/fi\/tuote\/tyylikkaat-pussetit-valkoisesta-kullasta-lab-cushion-hiotuilla-timanteilla-0-5-ct-vespera\/#primaryimage"},"thumbnailUrl":"https:\/\/colibri-jewels.eu\/wp-content\/uploads\/2026\/04\/white-gold-studs-earrings-with-lab-diamonds-cusions-0.5-ct-Vespera_.jpg","datePublished":"2026-04-06T08:39:34+00:00","dateModified":"2026-04-06T11:12:12+00:00","description":"Vespera \u2014 tyylikk\u00e4\u00e4t 585 (14K) valkokultaiset nappikorvakorut (pussetit) lab cushion-hiotuilla timanteilla (0,5 karaatia). Samettinen hell\u00e4 hohto, ruuvilukot, kynsikiinnitys, IGI-sertifikaatit. Vintage-pehmeys kohtaa modernin luksuksen.","breadcrumb":{"@id":"https:\/\/colibri-jewels.eu\/fi\/tuote\/tyylikkaat-pussetit-valkoisesta-kullasta-lab-cushion-hiotuilla-timanteilla-0-5-ct-vespera\/#breadcrumb"},"inLanguage":"fi","potentialAction":[{"@type":"ReadAction","target":["https:\/\/colibri-jewels.eu\/fi\/tuote\/tyylikkaat-pussetit-valkoisesta-kullasta-lab-cushion-hiotuilla-timanteilla-0-5-ct-vespera\/"]}]},{"@type":"ImageObject","inLanguage":"fi","@id":"https:\/\/colibri-jewels.eu\/fi\/tuote\/tyylikkaat-pussetit-valkoisesta-kullasta-lab-cushion-hiotuilla-timanteilla-0-5-ct-vespera\/#primaryimage","url":"https:\/\/colibri-jewels.eu\/wp-content\/uploads\/2026\/04\/white-gold-studs-earrings-with-lab-diamonds-cusions-0.5-ct-Vespera_.jpg","contentUrl":"https:\/\/colibri-jewels.eu\/wp-content\/uploads\/2026\/04\/white-gold-studs-earrings-with-lab-diamonds-cusions-0.5-ct-Vespera_.jpg","width":1000,"height":1000},{"@type":"BreadcrumbList","@id":"https:\/\/colibri-jewels.eu\/fi\/tuote\/tyylikkaat-pussetit-valkoisesta-kullasta-lab-cushion-hiotuilla-timanteilla-0-5-ct-vespera\/#breadcrumb","itemListElement":[{"@type":"ListItem","position":1,"name":"\u0413\u043b\u0430\u0432\u043d\u0430\u044f \u0441\u0442\u0440\u0430\u043d\u0438\u0446\u0430","item":"https:\/\/colibri-jewels.eu\/fi\/"},{"@type":"ListItem","position":2,"name":"Kauppa","item":"https:\/\/colibri-jewels.eu\/fi\/kauppa\/"},{"@type":"ListItem","position":3,"name":"Tyylikk\u00e4\u00e4t pussetit valkoisesta kullasta lab cushion-hiotuilla timanteilla 0.5 ct &#8221;Vespera&#8221;"}]},{"@type":"WebSite","@id":"https:\/\/colibri-jewels.eu\/fi\/#website","url":"https:\/\/colibri-jewels.eu\/fi\/","name":"Colibri jewels","description":"jewelry shop","publisher":{"@id":"https:\/\/colibri-jewels.eu\/fi\/#organization"},"potentialAction":[{"@type":"SearchAction","target":{"@type":"EntryPoint","urlTemplate":"https:\/\/colibri-jewels.eu\/fi\/?s={search_term_string}"},"query-input":{"@type":"PropertyValueSpecification","valueRequired":true,"valueName":"search_term_string"}}],"inLanguage":"fi"},{"@type":"Organization","@id":"https:\/\/colibri-jewels.eu\/fi\/#organization","name":"O\u00dc Colibri","url":"https:\/\/colibri-jewels.eu\/fi\/","logo":{"@type":"ImageObject","inLanguage":"fi","@id":"https:\/\/colibri-jewels.eu\/fi\/#\/schema\/logo\/image\/","url":"https:\/\/dev.colibri-jewels.eu\/wp-content\/uploads\/2021\/03\/colibri.png","contentUrl":"https:\/\/dev.colibri-jewels.eu\/wp-content\/uploads\/2021\/03\/colibri.png","width":227,"height":130,"caption":"O\u00dc Colibri"},"image":{"@id":"https:\/\/colibri-jewels.eu\/fi\/#\/schema\/logo\/image\/"},"sameAs":["https:\/\/www.facebook.com\/colibri.jewels","https:\/\/www.instagram.com\/colibri.jewels","https:\/\/www.tiktok.com\/colibri.jewels"]}]}},"_links":{"self":[{"href":"https:\/\/colibri-jewels.eu\/fi\/wp-json\/wp\/v2\/product\/63399","targetHints":{"allow":["GET"]}}],"collection":[{"href":"https:\/\/colibri-jewels.eu\/fi\/wp-json\/wp\/v2\/product"}],"about":[{"href":"https:\/\/colibri-jewels.eu\/fi\/wp-json\/wp\/v2\/types\/product"}],"replies":[{"embeddable":true,"href":"https:\/\/colibri-jewels.eu\/fi\/wp-json\/wp\/v2\/comments?post=63399"}],"version-history":[{"count":3,"href":"https:\/\/colibri-jewels.eu\/fi\/wp-json\/wp\/v2\/product\/63399\/revisions"}],"predecessor-version":[{"id":63422,"href":"https:\/\/colibri-jewels.eu\/fi\/wp-json\/wp\/v2\/product\/63399\/revisions\/63422"}],"wp:featuredmedia":[{"embeddable":true,"href":"https:\/\/colibri-jewels.eu\/fi\/wp-json\/wp\/v2\/media\/63397"}],"wp:attachment":[{"href":"https:\/\/colibri-jewels.eu\/fi\/wp-json\/wp\/v2\/media?parent=63399"}],"wp:term":[{"taxonomy":"brand","embeddable":true,"href":"https:\/\/colibri-jewels.eu\/fi\/wp-json\/wp\/v2\/etheme_brands?post=63399"},{"taxonomy":"product_brand","embeddable":true,"href":"https:\/\/colibri-jewels.eu\/fi\/wp-json\/wp\/v2\/product_brand?post=63399"},{"taxonomy":"product_cat","embeddable":true,"href":"https:\/\/colibri-jewels.eu\/fi\/wp-json\/wp\/v2\/product_cat?post=63399"},{"taxonomy":"product_tag","embeddable":true,"href":"https:\/\/colibri-jewels.eu\/fi\/wp-json\/wp\/v2\/product_tag?post=63399"}],"curies":[{"name":"wp","href":"https:\/\/api.w.org\/{rel}","templated":true}]}}