{"id":63471,"date":"2026-04-27T13:27:36","date_gmt":"2026-04-27T10:27:36","guid":{"rendered":"https:\/\/colibri-jewels.eu\/?post_type=product&#038;p=63471"},"modified":"2026-04-16T22:31:10","modified_gmt":"2026-04-16T19:31:10","slug":"kultainen-safiirisormus-iris","status":"publish","type":"product","link":"https:\/\/colibri-jewels.eu\/fi\/tuote\/kultainen-safiirisormus-iris\/","title":{"rendered":"Kultainen safiirisormus &#8221;Iris&#8221;"},"content":{"rendered":"","protected":false},"excerpt":{"rendered":"<p>Elegantti minimalistinen sormus, jossa yhdistyv\u00e4t tiukka geometria ja syv\u00e4 v\u00e4ri. Keskipisteen\u00e4 on smaragdihiontainen luonnonsafiiri, jota t\u00e4ydent\u00e4v\u00e4t sivuilla olevat puolisuunnikkaan muotoiset lab timantit. Muotoilu korostaa arkkitehtuurista tarkkuutta ja jalokivien arvokkuutta.<\/p>\n<p data-path-to-node=\"2\"><b data-path-to-node=\"2\" data-index-in-node=\"0\">Specifications:<\/b><\/p>\n<ul data-path-to-node=\"3\">\n<li>\n<p data-path-to-node=\"3,0,0\"><b data-path-to-node=\"3,0,0\" data-index-in-node=\"0\">Malli:<\/b> Iris<\/p>\n<\/li>\n<li>\n<p data-path-to-node=\"3,1,0\">Metalli: Kulta 585 (14K)<\/p>\n<\/li>\n<li>\n<p data-path-to-node=\"3,2,0\"><b data-path-to-node=\"3,2,0\" data-index-in-node=\"0\">P\u00e4\u00e4kivi:<\/b> Luonnonsafiiri<\/p>\n<\/li>\n<li>\n<p data-path-to-node=\"3,3,0\"><b data-path-to-node=\"3,3,0\" data-index-in-node=\"0\">Kiven koko:<\/b> 6&#215;4 mm<\/p>\n<\/li>\n<li>\n<p data-path-to-node=\"3,4,0\"><b data-path-to-node=\"3,4,0\" data-index-in-node=\"0\">Karaattipaino:<\/b> 0.67 ct<\/p>\n<\/li>\n<li>\n<p data-path-to-node=\"3,5,0\">Sivukivet: Lab timantit (2 kpl)<\/p>\n<\/li>\n<li>\n<p data-path-to-node=\"3,6,0\"><b data-path-to-node=\"3,6,0\" data-index-in-node=\"0\">Sivukivien hionta:<\/b> Trapetsi<\/p>\n<\/li>\n<li>\n<p data-path-to-node=\"3,7,0\"><b data-path-to-node=\"3,7,0\" data-index-in-node=\"0\">Sivukivien paino:<\/b> 0.26 ct (yhteens\u00e4)<\/p>\n<\/li>\n<li>\n<p data-path-to-node=\"3,8,0\"><b data-path-to-node=\"3,8,0\" data-index-in-node=\"0\">Sormuksen koko:<\/b> 17<\/p>\n<\/li>\n<\/ul>\n<p data-path-to-node=\"4\">Keywords: kultasormus, smaragdihiontainen safiiri, lab timantti, safiirisormus, korut, porrashiontainen safiiri, minimalistiset korut.<\/p>\n","protected":false},"featured_media":63467,"comment_status":"open","ping_status":"closed","template":"","meta":[],"etheme_brands":[],"product_brand":[],"product_cat":[990],"product_tag":[],"class_list":{"0":"post-63471","1":"product","2":"type-product","3":"status-publish","4":"has-post-thumbnail","6":"product_cat-sormukset","8":"first","9":"instock","10":"shipping-taxable","11":"purchasable","12":"product-type-simple"},"acf":[],"yoast_head":"<!-- This site is optimized with the Yoast SEO Premium plugin v26.5 (Yoast SEO v26.8) - https:\/\/yoast.com\/product\/yoast-seo-premium-wordpress\/ -->\n<title>Kultainen safiirisormus &quot;Iris&quot; - Colibri jewels<\/title>\n<meta name=\"robots\" content=\"index, follow, max-snippet:-1, max-image-preview:large, max-video-preview:-1\" \/>\n<link rel=\"canonical\" href=\"https:\/\/colibri-jewels.eu\/fi\/tuote\/kultainen-safiirisormus-iris\/\" \/>\n<meta property=\"og:locale\" content=\"fi_FI\" \/>\n<meta property=\"og:type\" content=\"article\" \/>\n<meta property=\"og:title\" content=\"Kultainen safiirisormus &quot;Iris&quot;\" \/>\n<meta property=\"og:description\" content=\"Elegantti minimalistinen sormus, jossa yhdistyv\u00e4t tiukka geometria ja syv\u00e4 v\u00e4ri. Keskipisteen\u00e4 on smaragdihiontainen luonnonsafiiri, jota t\u00e4ydent\u00e4v\u00e4t sivuilla olevat puolisuunnikkaan muotoiset lab timantit. Muotoilu korostaa arkkitehtuurista tarkkuutta ja jalokivien arvokkuutta. Specifications:     Malli: Iris    Metalli: Kulta 585 (14K)    P\u00e4\u00e4kivi: Luonnonsafiiri    Kiven koko: 6x4 mm    Karaattipaino: 0.67 ct    Sivukivet: Lab timantit (2 kpl)    Sivukivien hionta: Trapetsi    Sivukivien paino: 0.26 ct (yhteens\u00e4)    Sormuksen koko: 17   Keywords: kultasormus, smaragdihiontainen safiiri, lab timantti, safiirisormus, korut, porrashiontainen safiiri, minimalistiset korut.\" \/>\n<meta property=\"og:url\" content=\"https:\/\/colibri-jewels.eu\/fi\/tuote\/kultainen-safiirisormus-iris\/\" \/>\n<meta property=\"og:site_name\" content=\"Colibri jewels\" \/>\n<meta property=\"article:publisher\" content=\"https:\/\/www.facebook.com\/colibri.jewels\" \/>\n<meta property=\"og:image\" content=\"https:\/\/colibri-jewels.eu\/wp-content\/uploads\/2026\/04\/7D1A4994-1-scaled.jpg\" \/>\n\t<meta property=\"og:image:width\" content=\"2560\" \/>\n\t<meta property=\"og:image:height\" content=\"2560\" \/>\n\t<meta property=\"og:image:type\" content=\"image\/jpeg\" \/>\n<meta name=\"twitter:card\" content=\"summary_large_image\" \/>\n<script type=\"application\/ld+json\" class=\"yoast-schema-graph\">{\"@context\":\"https:\/\/schema.org\",\"@graph\":[{\"@type\":\"WebPage\",\"@id\":\"https:\/\/colibri-jewels.eu\/fi\/tuote\/kultainen-safiirisormus-iris\/\",\"url\":\"https:\/\/colibri-jewels.eu\/fi\/tuote\/kultainen-safiirisormus-iris\/\",\"name\":\"Kultainen safiirisormus \\\"Iris\\\" - Colibri jewels\",\"isPartOf\":{\"@id\":\"https:\/\/colibri-jewels.eu\/fi\/#website\"},\"primaryImageOfPage\":{\"@id\":\"https:\/\/colibri-jewels.eu\/fi\/tuote\/kultainen-safiirisormus-iris\/#primaryimage\"},\"image\":{\"@id\":\"https:\/\/colibri-jewels.eu\/fi\/tuote\/kultainen-safiirisormus-iris\/#primaryimage\"},\"thumbnailUrl\":\"https:\/\/colibri-jewels.eu\/wp-content\/uploads\/2026\/04\/7D1A4994-1-scaled.jpg\",\"datePublished\":\"2026-04-27T10:27:36+00:00\",\"breadcrumb\":{\"@id\":\"https:\/\/colibri-jewels.eu\/fi\/tuote\/kultainen-safiirisormus-iris\/#breadcrumb\"},\"inLanguage\":\"fi\",\"potentialAction\":[{\"@type\":\"ReadAction\",\"target\":[\"https:\/\/colibri-jewels.eu\/fi\/tuote\/kultainen-safiirisormus-iris\/\"]}]},{\"@type\":\"ImageObject\",\"inLanguage\":\"fi\",\"@id\":\"https:\/\/colibri-jewels.eu\/fi\/tuote\/kultainen-safiirisormus-iris\/#primaryimage\",\"url\":\"https:\/\/colibri-jewels.eu\/wp-content\/uploads\/2026\/04\/7D1A4994-1-scaled.jpg\",\"contentUrl\":\"https:\/\/colibri-jewels.eu\/wp-content\/uploads\/2026\/04\/7D1A4994-1-scaled.jpg\",\"width\":2560,\"height\":2560},{\"@type\":\"BreadcrumbList\",\"@id\":\"https:\/\/colibri-jewels.eu\/fi\/tuote\/kultainen-safiirisormus-iris\/#breadcrumb\",\"itemListElement\":[{\"@type\":\"ListItem\",\"position\":1,\"name\":\"\u0413\u043b\u0430\u0432\u043d\u0430\u044f \u0441\u0442\u0440\u0430\u043d\u0438\u0446\u0430\",\"item\":\"https:\/\/colibri-jewels.eu\/fi\/\"},{\"@type\":\"ListItem\",\"position\":2,\"name\":\"Kauppa\",\"item\":\"https:\/\/colibri-jewels.eu\/fi\/kauppa\/\"},{\"@type\":\"ListItem\",\"position\":3,\"name\":\"Kultainen safiirisormus &#8220;Iris&#8221;\"}]},{\"@type\":\"WebSite\",\"@id\":\"https:\/\/colibri-jewels.eu\/fi\/#website\",\"url\":\"https:\/\/colibri-jewels.eu\/fi\/\",\"name\":\"Colibri jewels\",\"description\":\"jewelry shop\",\"publisher\":{\"@id\":\"https:\/\/colibri-jewels.eu\/fi\/#organization\"},\"potentialAction\":[{\"@type\":\"SearchAction\",\"target\":{\"@type\":\"EntryPoint\",\"urlTemplate\":\"https:\/\/colibri-jewels.eu\/fi\/?s={search_term_string}\"},\"query-input\":{\"@type\":\"PropertyValueSpecification\",\"valueRequired\":true,\"valueName\":\"search_term_string\"}}],\"inLanguage\":\"fi\"},{\"@type\":\"Organization\",\"@id\":\"https:\/\/colibri-jewels.eu\/fi\/#organization\",\"name\":\"O\u00dc Colibri\",\"url\":\"https:\/\/colibri-jewels.eu\/fi\/\",\"logo\":{\"@type\":\"ImageObject\",\"inLanguage\":\"fi\",\"@id\":\"https:\/\/colibri-jewels.eu\/fi\/#\/schema\/logo\/image\/\",\"url\":\"https:\/\/dev.colibri-jewels.eu\/wp-content\/uploads\/2021\/03\/colibri.png\",\"contentUrl\":\"https:\/\/dev.colibri-jewels.eu\/wp-content\/uploads\/2021\/03\/colibri.png\",\"width\":227,\"height\":130,\"caption\":\"O\u00dc Colibri\"},\"image\":{\"@id\":\"https:\/\/colibri-jewels.eu\/fi\/#\/schema\/logo\/image\/\"},\"sameAs\":[\"https:\/\/www.facebook.com\/colibri.jewels\",\"https:\/\/www.instagram.com\/colibri.jewels\",\"https:\/\/www.tiktok.com\/colibri.jewels\"]}]}<\/script>\n<!-- \/ Yoast SEO Premium plugin. -->","yoast_head_json":{"title":"Kultainen safiirisormus \"Iris\" - Colibri jewels","robots":{"index":"index","follow":"follow","max-snippet":"max-snippet:-1","max-image-preview":"max-image-preview:large","max-video-preview":"max-video-preview:-1"},"canonical":"https:\/\/colibri-jewels.eu\/fi\/tuote\/kultainen-safiirisormus-iris\/","og_locale":"fi_FI","og_type":"article","og_title":"Kultainen safiirisormus \"Iris\"","og_description":"Elegantti minimalistinen sormus, jossa yhdistyv\u00e4t tiukka geometria ja syv\u00e4 v\u00e4ri. Keskipisteen\u00e4 on smaragdihiontainen luonnonsafiiri, jota t\u00e4ydent\u00e4v\u00e4t sivuilla olevat puolisuunnikkaan muotoiset lab timantit. Muotoilu korostaa arkkitehtuurista tarkkuutta ja jalokivien arvokkuutta. Specifications:     Malli: Iris    Metalli: Kulta 585 (14K)    P\u00e4\u00e4kivi: Luonnonsafiiri    Kiven koko: 6x4 mm    Karaattipaino: 0.67 ct    Sivukivet: Lab timantit (2 kpl)    Sivukivien hionta: Trapetsi    Sivukivien paino: 0.26 ct (yhteens\u00e4)    Sormuksen koko: 17   Keywords: kultasormus, smaragdihiontainen safiiri, lab timantti, safiirisormus, korut, porrashiontainen safiiri, minimalistiset korut.","og_url":"https:\/\/colibri-jewels.eu\/fi\/tuote\/kultainen-safiirisormus-iris\/","og_site_name":"Colibri jewels","article_publisher":"https:\/\/www.facebook.com\/colibri.jewels","og_image":[{"width":2560,"height":2560,"url":"https:\/\/colibri-jewels.eu\/wp-content\/uploads\/2026\/04\/7D1A4994-1-scaled.jpg","type":"image\/jpeg"}],"twitter_card":"summary_large_image","schema":{"@context":"https:\/\/schema.org","@graph":[{"@type":"WebPage","@id":"https:\/\/colibri-jewels.eu\/fi\/tuote\/kultainen-safiirisormus-iris\/","url":"https:\/\/colibri-jewels.eu\/fi\/tuote\/kultainen-safiirisormus-iris\/","name":"Kultainen safiirisormus \"Iris\" - Colibri jewels","isPartOf":{"@id":"https:\/\/colibri-jewels.eu\/fi\/#website"},"primaryImageOfPage":{"@id":"https:\/\/colibri-jewels.eu\/fi\/tuote\/kultainen-safiirisormus-iris\/#primaryimage"},"image":{"@id":"https:\/\/colibri-jewels.eu\/fi\/tuote\/kultainen-safiirisormus-iris\/#primaryimage"},"thumbnailUrl":"https:\/\/colibri-jewels.eu\/wp-content\/uploads\/2026\/04\/7D1A4994-1-scaled.jpg","datePublished":"2026-04-27T10:27:36+00:00","breadcrumb":{"@id":"https:\/\/colibri-jewels.eu\/fi\/tuote\/kultainen-safiirisormus-iris\/#breadcrumb"},"inLanguage":"fi","potentialAction":[{"@type":"ReadAction","target":["https:\/\/colibri-jewels.eu\/fi\/tuote\/kultainen-safiirisormus-iris\/"]}]},{"@type":"ImageObject","inLanguage":"fi","@id":"https:\/\/colibri-jewels.eu\/fi\/tuote\/kultainen-safiirisormus-iris\/#primaryimage","url":"https:\/\/colibri-jewels.eu\/wp-content\/uploads\/2026\/04\/7D1A4994-1-scaled.jpg","contentUrl":"https:\/\/colibri-jewels.eu\/wp-content\/uploads\/2026\/04\/7D1A4994-1-scaled.jpg","width":2560,"height":2560},{"@type":"BreadcrumbList","@id":"https:\/\/colibri-jewels.eu\/fi\/tuote\/kultainen-safiirisormus-iris\/#breadcrumb","itemListElement":[{"@type":"ListItem","position":1,"name":"\u0413\u043b\u0430\u0432\u043d\u0430\u044f \u0441\u0442\u0440\u0430\u043d\u0438\u0446\u0430","item":"https:\/\/colibri-jewels.eu\/fi\/"},{"@type":"ListItem","position":2,"name":"Kauppa","item":"https:\/\/colibri-jewels.eu\/fi\/kauppa\/"},{"@type":"ListItem","position":3,"name":"Kultainen safiirisormus &#8220;Iris&#8221;"}]},{"@type":"WebSite","@id":"https:\/\/colibri-jewels.eu\/fi\/#website","url":"https:\/\/colibri-jewels.eu\/fi\/","name":"Colibri jewels","description":"jewelry shop","publisher":{"@id":"https:\/\/colibri-jewels.eu\/fi\/#organization"},"potentialAction":[{"@type":"SearchAction","target":{"@type":"EntryPoint","urlTemplate":"https:\/\/colibri-jewels.eu\/fi\/?s={search_term_string}"},"query-input":{"@type":"PropertyValueSpecification","valueRequired":true,"valueName":"search_term_string"}}],"inLanguage":"fi"},{"@type":"Organization","@id":"https:\/\/colibri-jewels.eu\/fi\/#organization","name":"O\u00dc Colibri","url":"https:\/\/colibri-jewels.eu\/fi\/","logo":{"@type":"ImageObject","inLanguage":"fi","@id":"https:\/\/colibri-jewels.eu\/fi\/#\/schema\/logo\/image\/","url":"https:\/\/dev.colibri-jewels.eu\/wp-content\/uploads\/2021\/03\/colibri.png","contentUrl":"https:\/\/dev.colibri-jewels.eu\/wp-content\/uploads\/2021\/03\/colibri.png","width":227,"height":130,"caption":"O\u00dc Colibri"},"image":{"@id":"https:\/\/colibri-jewels.eu\/fi\/#\/schema\/logo\/image\/"},"sameAs":["https:\/\/www.facebook.com\/colibri.jewels","https:\/\/www.instagram.com\/colibri.jewels","https:\/\/www.tiktok.com\/colibri.jewels"]}]}},"_links":{"self":[{"href":"https:\/\/colibri-jewels.eu\/fi\/wp-json\/wp\/v2\/product\/63471","targetHints":{"allow":["GET"]}}],"collection":[{"href":"https:\/\/colibri-jewels.eu\/fi\/wp-json\/wp\/v2\/product"}],"about":[{"href":"https:\/\/colibri-jewels.eu\/fi\/wp-json\/wp\/v2\/types\/product"}],"replies":[{"embeddable":true,"href":"https:\/\/colibri-jewels.eu\/fi\/wp-json\/wp\/v2\/comments?post=63471"}],"version-history":[{"count":1,"href":"https:\/\/colibri-jewels.eu\/fi\/wp-json\/wp\/v2\/product\/63471\/revisions"}],"predecessor-version":[{"id":63497,"href":"https:\/\/colibri-jewels.eu\/fi\/wp-json\/wp\/v2\/product\/63471\/revisions\/63497"}],"wp:featuredmedia":[{"embeddable":true,"href":"https:\/\/colibri-jewels.eu\/fi\/wp-json\/wp\/v2\/media\/63467"}],"wp:attachment":[{"href":"https:\/\/colibri-jewels.eu\/fi\/wp-json\/wp\/v2\/media?parent=63471"}],"wp:term":[{"taxonomy":"brand","embeddable":true,"href":"https:\/\/colibri-jewels.eu\/fi\/wp-json\/wp\/v2\/etheme_brands?post=63471"},{"taxonomy":"product_brand","embeddable":true,"href":"https:\/\/colibri-jewels.eu\/fi\/wp-json\/wp\/v2\/product_brand?post=63471"},{"taxonomy":"product_cat","embeddable":true,"href":"https:\/\/colibri-jewels.eu\/fi\/wp-json\/wp\/v2\/product_cat?post=63471"},{"taxonomy":"product_tag","embeddable":true,"href":"https:\/\/colibri-jewels.eu\/fi\/wp-json\/wp\/v2\/product_tag?post=63471"}],"curies":[{"name":"wp","href":"https:\/\/api.w.org\/{rel}","templated":true}]}}