{"id":63474,"date":"2026-04-16T21:46:31","date_gmt":"2026-04-16T18:46:31","guid":{"rendered":"https:\/\/colibri-jewels.eu\/?post_type=product&#038;p=63474"},"modified":"2026-04-16T22:29:48","modified_gmt":"2026-04-16T19:29:48","slug":"kihlasormus-120-ct-lab-timantilla-eleanor-copy","status":"publish","type":"product","link":"https:\/\/colibri-jewels.eu\/fi\/tuote\/kihlasormus-120-ct-lab-timantilla-eleanor-copy\/","title":{"rendered":"Kihlasormus lab timantilla 2,50 ct &#8221;Eleanor&#8221;"},"content":{"rendered":"<p data-start=\"89\" data-end=\"234\">Ajatonta eleganssia s\u00e4teilev\u00e4n timantin vangitsemana. T\u00e4m\u00e4 14 karaatin valkokultasormus on rakkautesi symboli \u2013 ikuinen ja puhdas, aivan kuten jalokivikin.<\/p>\n<p data-start=\"236\" data-end=\"471\">Lab keskimm\u00e4inen timantti on yht\u00e4 loistokas, vahva ja kaunis kuin luonnollinen timantti. Sen alkuper\u00e4 on kuitenkin eettinen, ja sen luominen on huipputeknologian ja ymp\u00e4rist\u00f6tietoisuuden fuusio.<\/p>\n<p data-start=\"473\" data-end=\"562\">\ud83d\udc8e Materiaalit:<br data-start=\"490\" data-end=\"493\" \/>\u2014 14 karaatin valkokulta<br data-start=\"509\" data-end=\"512\" \/>\u2014 2,50 karaatin lab timantti, py\u00f6re\u00e4 briljanttihionta, E-v\u00e4ri, VVS2-puhdistusaste, IGI-sertifikaatti<\/p>\n<p data-start=\"564\" data-end=\"756\">\u2728 Miksi valita lab timantti?<br data-start=\"601\" data-end=\"604\" \/>\u2014 Koostumukseltaan ja ominaisuuksiltaan identtinen luonnontimantin kanssa<br data-start=\"666\" data-end=\"669\" \/>\u2014 Eettinen valinta: ei vahingoita luonnollista tai ihmist\u00e4<br data-start=\"717\" data-end=\"720\" \/>\u2014 Luotu edistyneell\u00e4 teknologialla<\/p>\n<p data-start=\"758\" data-end=\"858\">T\u00e4m\u00e4 sormus ei ole vain koru \u2013 se on lupaus rakkaudesta, omistautumisesta ja ylellisest\u00e4 tulevaisuudesta yhdess\u00e4.<\/p>\n<p data-start=\"860\" data-end=\"930\">\ud83d\udce6 Toimitus: Ilmainen maailmanlaajuisesti<br data-start=\"891\" data-end=\"894\" \/>\ud83c\udf81 Pakkaus: Elegantti lahjarasia<\/p>\n","protected":false},"excerpt":{"rendered":"<p>Ajatonta eleganssia s\u00e4teilev\u00e4n timantin vangitsemana. T\u00e4m\u00e4 14 karaatin valkokultasormus on rakkautesi symboli \u2013 ikuinen ja puhdas, aivan kuten jalokivikin. Lab keskimm\u00e4inen timantti on yht\u00e4 loistokas,&#8230;<\/p>\n","protected":false},"featured_media":63477,"comment_status":"open","ping_status":"closed","template":"","meta":[],"etheme_brands":[],"product_brand":[],"product_cat":[990],"product_tag":[997,994,1256,1004,1007],"class_list":{"0":"post-63474","1":"product","2":"type-product","3":"status-publish","4":"has-post-thumbnail","6":"product_cat-sormukset","7":"product_tag-kihlaus","8":"product_tag-klassiset","9":"product_tag-lab-timantit","10":"product_tag-romanttiset","11":"product_tag-solitaire-sormus","13":"first","14":"onbackorder","15":"shipping-taxable","16":"purchasable","17":"product-type-simple"},"acf":[],"yoast_head":"<!-- This site is optimized with the Yoast SEO Premium plugin v26.5 (Yoast SEO v26.8) - https:\/\/yoast.com\/product\/yoast-seo-premium-wordpress\/ -->\n<title>Kihlasormus lab timantilla 2,50 ct &quot;Eleanor&quot; - Colibri jewels<\/title>\n<meta name=\"description\" content=\"Hienostunut kihlasormus 14 karaatin valkokultasta, jossa on 2,5 karaatin lab timantti. Puhtautta, loistoa ja eettisyytt\u00e4 \u2013 t\u00e4ydellinen rakkautesi symboli.\" \/>\n<meta name=\"robots\" content=\"index, follow, max-snippet:-1, max-image-preview:large, max-video-preview:-1\" \/>\n<link rel=\"canonical\" href=\"https:\/\/colibri-jewels.eu\/fi\/tuote\/kihlasormus-120-ct-lab-timantilla-eleanor-copy\/\" \/>\n<meta property=\"og:locale\" content=\"fi_FI\" \/>\n<meta property=\"og:type\" content=\"article\" \/>\n<meta property=\"og:title\" content=\"Kihlasormus lab timantilla 2,50 ct &quot;Eleanor&quot;\" \/>\n<meta property=\"og:description\" content=\"Hienostunut kihlasormus 14 karaatin valkokultasta, jossa on 2,5 karaatin lab timantti. Puhtautta, loistoa ja eettisyytt\u00e4 \u2013 t\u00e4ydellinen rakkautesi symboli.\" \/>\n<meta property=\"og:url\" content=\"https:\/\/colibri-jewels.eu\/fi\/tuote\/kihlasormus-120-ct-lab-timantilla-eleanor-copy\/\" \/>\n<meta property=\"og:site_name\" content=\"Colibri jewels\" \/>\n<meta property=\"article:publisher\" content=\"https:\/\/www.facebook.com\/colibri.jewels\" \/>\n<meta property=\"article:modified_time\" content=\"2026-04-16T19:29:48+00:00\" \/>\n<meta property=\"og:image\" content=\"https:\/\/colibri-jewels.eu\/wp-content\/uploads\/2026\/04\/7D1A4984-1-scaled.jpg\" \/>\n\t<meta property=\"og:image:width\" content=\"2560\" \/>\n\t<meta property=\"og:image:height\" content=\"2560\" \/>\n\t<meta property=\"og:image:type\" content=\"image\/jpeg\" \/>\n<meta name=\"twitter:card\" content=\"summary_large_image\" \/>\n<meta name=\"twitter:label1\" content=\"Arvioitu lukuaika\" \/>\n\t<meta name=\"twitter:data1\" content=\"1 minuutti\" \/>\n<script type=\"application\/ld+json\" class=\"yoast-schema-graph\">{\"@context\":\"https:\/\/schema.org\",\"@graph\":[{\"@type\":\"WebPage\",\"@id\":\"https:\/\/colibri-jewels.eu\/fi\/tuote\/kihlasormus-120-ct-lab-timantilla-eleanor-copy\/\",\"url\":\"https:\/\/colibri-jewels.eu\/fi\/tuote\/kihlasormus-120-ct-lab-timantilla-eleanor-copy\/\",\"name\":\"Kihlasormus lab timantilla 2,50 ct \\\"Eleanor\\\" - Colibri jewels\",\"isPartOf\":{\"@id\":\"https:\/\/colibri-jewels.eu\/fi\/#website\"},\"primaryImageOfPage\":{\"@id\":\"https:\/\/colibri-jewels.eu\/fi\/tuote\/kihlasormus-120-ct-lab-timantilla-eleanor-copy\/#primaryimage\"},\"image\":{\"@id\":\"https:\/\/colibri-jewels.eu\/fi\/tuote\/kihlasormus-120-ct-lab-timantilla-eleanor-copy\/#primaryimage\"},\"thumbnailUrl\":\"https:\/\/colibri-jewels.eu\/wp-content\/uploads\/2026\/04\/7D1A4984-1-scaled.jpg\",\"datePublished\":\"2026-04-16T18:46:31+00:00\",\"dateModified\":\"2026-04-16T19:29:48+00:00\",\"description\":\"Hienostunut kihlasormus 14 karaatin valkokultasta, jossa on 2,5 karaatin lab timantti. Puhtautta, loistoa ja eettisyytt\u00e4 \u2013 t\u00e4ydellinen rakkautesi symboli.\",\"breadcrumb\":{\"@id\":\"https:\/\/colibri-jewels.eu\/fi\/tuote\/kihlasormus-120-ct-lab-timantilla-eleanor-copy\/#breadcrumb\"},\"inLanguage\":\"fi\",\"potentialAction\":[{\"@type\":\"ReadAction\",\"target\":[\"https:\/\/colibri-jewels.eu\/fi\/tuote\/kihlasormus-120-ct-lab-timantilla-eleanor-copy\/\"]}]},{\"@type\":\"ImageObject\",\"inLanguage\":\"fi\",\"@id\":\"https:\/\/colibri-jewels.eu\/fi\/tuote\/kihlasormus-120-ct-lab-timantilla-eleanor-copy\/#primaryimage\",\"url\":\"https:\/\/colibri-jewels.eu\/wp-content\/uploads\/2026\/04\/7D1A4984-1-scaled.jpg\",\"contentUrl\":\"https:\/\/colibri-jewels.eu\/wp-content\/uploads\/2026\/04\/7D1A4984-1-scaled.jpg\",\"width\":2560,\"height\":2560},{\"@type\":\"BreadcrumbList\",\"@id\":\"https:\/\/colibri-jewels.eu\/fi\/tuote\/kihlasormus-120-ct-lab-timantilla-eleanor-copy\/#breadcrumb\",\"itemListElement\":[{\"@type\":\"ListItem\",\"position\":1,\"name\":\"\u0413\u043b\u0430\u0432\u043d\u0430\u044f \u0441\u0442\u0440\u0430\u043d\u0438\u0446\u0430\",\"item\":\"https:\/\/colibri-jewels.eu\/fi\/\"},{\"@type\":\"ListItem\",\"position\":2,\"name\":\"Kauppa\",\"item\":\"https:\/\/colibri-jewels.eu\/fi\/kauppa\/\"},{\"@type\":\"ListItem\",\"position\":3,\"name\":\"Kihlasormus lab timantilla 2,50 ct &#8220;Eleanor&#8221;\"}]},{\"@type\":\"WebSite\",\"@id\":\"https:\/\/colibri-jewels.eu\/fi\/#website\",\"url\":\"https:\/\/colibri-jewels.eu\/fi\/\",\"name\":\"Colibri jewels\",\"description\":\"jewelry shop\",\"publisher\":{\"@id\":\"https:\/\/colibri-jewels.eu\/fi\/#organization\"},\"potentialAction\":[{\"@type\":\"SearchAction\",\"target\":{\"@type\":\"EntryPoint\",\"urlTemplate\":\"https:\/\/colibri-jewels.eu\/fi\/?s={search_term_string}\"},\"query-input\":{\"@type\":\"PropertyValueSpecification\",\"valueRequired\":true,\"valueName\":\"search_term_string\"}}],\"inLanguage\":\"fi\"},{\"@type\":\"Organization\",\"@id\":\"https:\/\/colibri-jewels.eu\/fi\/#organization\",\"name\":\"O\u00dc Colibri\",\"url\":\"https:\/\/colibri-jewels.eu\/fi\/\",\"logo\":{\"@type\":\"ImageObject\",\"inLanguage\":\"fi\",\"@id\":\"https:\/\/colibri-jewels.eu\/fi\/#\/schema\/logo\/image\/\",\"url\":\"https:\/\/dev.colibri-jewels.eu\/wp-content\/uploads\/2021\/03\/colibri.png\",\"contentUrl\":\"https:\/\/dev.colibri-jewels.eu\/wp-content\/uploads\/2021\/03\/colibri.png\",\"width\":227,\"height\":130,\"caption\":\"O\u00dc Colibri\"},\"image\":{\"@id\":\"https:\/\/colibri-jewels.eu\/fi\/#\/schema\/logo\/image\/\"},\"sameAs\":[\"https:\/\/www.facebook.com\/colibri.jewels\",\"https:\/\/www.instagram.com\/colibri.jewels\",\"https:\/\/www.tiktok.com\/colibri.jewels\"]}]}<\/script>\n<!-- \/ Yoast SEO Premium plugin. -->","yoast_head_json":{"title":"Kihlasormus lab timantilla 2,50 ct \"Eleanor\" - Colibri jewels","description":"Hienostunut kihlasormus 14 karaatin valkokultasta, jossa on 2,5 karaatin lab timantti. Puhtautta, loistoa ja eettisyytt\u00e4 \u2013 t\u00e4ydellinen rakkautesi symboli.","robots":{"index":"index","follow":"follow","max-snippet":"max-snippet:-1","max-image-preview":"max-image-preview:large","max-video-preview":"max-video-preview:-1"},"canonical":"https:\/\/colibri-jewels.eu\/fi\/tuote\/kihlasormus-120-ct-lab-timantilla-eleanor-copy\/","og_locale":"fi_FI","og_type":"article","og_title":"Kihlasormus lab timantilla 2,50 ct \"Eleanor\"","og_description":"Hienostunut kihlasormus 14 karaatin valkokultasta, jossa on 2,5 karaatin lab timantti. Puhtautta, loistoa ja eettisyytt\u00e4 \u2013 t\u00e4ydellinen rakkautesi symboli.","og_url":"https:\/\/colibri-jewels.eu\/fi\/tuote\/kihlasormus-120-ct-lab-timantilla-eleanor-copy\/","og_site_name":"Colibri jewels","article_publisher":"https:\/\/www.facebook.com\/colibri.jewels","article_modified_time":"2026-04-16T19:29:48+00:00","og_image":[{"width":2560,"height":2560,"url":"https:\/\/colibri-jewels.eu\/wp-content\/uploads\/2026\/04\/7D1A4984-1-scaled.jpg","type":"image\/jpeg"}],"twitter_card":"summary_large_image","twitter_misc":{"Arvioitu lukuaika":"1 minuutti"},"schema":{"@context":"https:\/\/schema.org","@graph":[{"@type":"WebPage","@id":"https:\/\/colibri-jewels.eu\/fi\/tuote\/kihlasormus-120-ct-lab-timantilla-eleanor-copy\/","url":"https:\/\/colibri-jewels.eu\/fi\/tuote\/kihlasormus-120-ct-lab-timantilla-eleanor-copy\/","name":"Kihlasormus lab timantilla 2,50 ct \"Eleanor\" - Colibri jewels","isPartOf":{"@id":"https:\/\/colibri-jewels.eu\/fi\/#website"},"primaryImageOfPage":{"@id":"https:\/\/colibri-jewels.eu\/fi\/tuote\/kihlasormus-120-ct-lab-timantilla-eleanor-copy\/#primaryimage"},"image":{"@id":"https:\/\/colibri-jewels.eu\/fi\/tuote\/kihlasormus-120-ct-lab-timantilla-eleanor-copy\/#primaryimage"},"thumbnailUrl":"https:\/\/colibri-jewels.eu\/wp-content\/uploads\/2026\/04\/7D1A4984-1-scaled.jpg","datePublished":"2026-04-16T18:46:31+00:00","dateModified":"2026-04-16T19:29:48+00:00","description":"Hienostunut kihlasormus 14 karaatin valkokultasta, jossa on 2,5 karaatin lab timantti. Puhtautta, loistoa ja eettisyytt\u00e4 \u2013 t\u00e4ydellinen rakkautesi symboli.","breadcrumb":{"@id":"https:\/\/colibri-jewels.eu\/fi\/tuote\/kihlasormus-120-ct-lab-timantilla-eleanor-copy\/#breadcrumb"},"inLanguage":"fi","potentialAction":[{"@type":"ReadAction","target":["https:\/\/colibri-jewels.eu\/fi\/tuote\/kihlasormus-120-ct-lab-timantilla-eleanor-copy\/"]}]},{"@type":"ImageObject","inLanguage":"fi","@id":"https:\/\/colibri-jewels.eu\/fi\/tuote\/kihlasormus-120-ct-lab-timantilla-eleanor-copy\/#primaryimage","url":"https:\/\/colibri-jewels.eu\/wp-content\/uploads\/2026\/04\/7D1A4984-1-scaled.jpg","contentUrl":"https:\/\/colibri-jewels.eu\/wp-content\/uploads\/2026\/04\/7D1A4984-1-scaled.jpg","width":2560,"height":2560},{"@type":"BreadcrumbList","@id":"https:\/\/colibri-jewels.eu\/fi\/tuote\/kihlasormus-120-ct-lab-timantilla-eleanor-copy\/#breadcrumb","itemListElement":[{"@type":"ListItem","position":1,"name":"\u0413\u043b\u0430\u0432\u043d\u0430\u044f \u0441\u0442\u0440\u0430\u043d\u0438\u0446\u0430","item":"https:\/\/colibri-jewels.eu\/fi\/"},{"@type":"ListItem","position":2,"name":"Kauppa","item":"https:\/\/colibri-jewels.eu\/fi\/kauppa\/"},{"@type":"ListItem","position":3,"name":"Kihlasormus lab timantilla 2,50 ct &#8220;Eleanor&#8221;"}]},{"@type":"WebSite","@id":"https:\/\/colibri-jewels.eu\/fi\/#website","url":"https:\/\/colibri-jewels.eu\/fi\/","name":"Colibri jewels","description":"jewelry shop","publisher":{"@id":"https:\/\/colibri-jewels.eu\/fi\/#organization"},"potentialAction":[{"@type":"SearchAction","target":{"@type":"EntryPoint","urlTemplate":"https:\/\/colibri-jewels.eu\/fi\/?s={search_term_string}"},"query-input":{"@type":"PropertyValueSpecification","valueRequired":true,"valueName":"search_term_string"}}],"inLanguage":"fi"},{"@type":"Organization","@id":"https:\/\/colibri-jewels.eu\/fi\/#organization","name":"O\u00dc Colibri","url":"https:\/\/colibri-jewels.eu\/fi\/","logo":{"@type":"ImageObject","inLanguage":"fi","@id":"https:\/\/colibri-jewels.eu\/fi\/#\/schema\/logo\/image\/","url":"https:\/\/dev.colibri-jewels.eu\/wp-content\/uploads\/2021\/03\/colibri.png","contentUrl":"https:\/\/dev.colibri-jewels.eu\/wp-content\/uploads\/2021\/03\/colibri.png","width":227,"height":130,"caption":"O\u00dc Colibri"},"image":{"@id":"https:\/\/colibri-jewels.eu\/fi\/#\/schema\/logo\/image\/"},"sameAs":["https:\/\/www.facebook.com\/colibri.jewels","https:\/\/www.instagram.com\/colibri.jewels","https:\/\/www.tiktok.com\/colibri.jewels"]}]}},"_links":{"self":[{"href":"https:\/\/colibri-jewels.eu\/fi\/wp-json\/wp\/v2\/product\/63474","targetHints":{"allow":["GET"]}}],"collection":[{"href":"https:\/\/colibri-jewels.eu\/fi\/wp-json\/wp\/v2\/product"}],"about":[{"href":"https:\/\/colibri-jewels.eu\/fi\/wp-json\/wp\/v2\/types\/product"}],"replies":[{"embeddable":true,"href":"https:\/\/colibri-jewels.eu\/fi\/wp-json\/wp\/v2\/comments?post=63474"}],"version-history":[{"count":2,"href":"https:\/\/colibri-jewels.eu\/fi\/wp-json\/wp\/v2\/product\/63474\/revisions"}],"predecessor-version":[{"id":63492,"href":"https:\/\/colibri-jewels.eu\/fi\/wp-json\/wp\/v2\/product\/63474\/revisions\/63492"}],"wp:featuredmedia":[{"embeddable":true,"href":"https:\/\/colibri-jewels.eu\/fi\/wp-json\/wp\/v2\/media\/63477"}],"wp:attachment":[{"href":"https:\/\/colibri-jewels.eu\/fi\/wp-json\/wp\/v2\/media?parent=63474"}],"wp:term":[{"taxonomy":"brand","embeddable":true,"href":"https:\/\/colibri-jewels.eu\/fi\/wp-json\/wp\/v2\/etheme_brands?post=63474"},{"taxonomy":"product_brand","embeddable":true,"href":"https:\/\/colibri-jewels.eu\/fi\/wp-json\/wp\/v2\/product_brand?post=63474"},{"taxonomy":"product_cat","embeddable":true,"href":"https:\/\/colibri-jewels.eu\/fi\/wp-json\/wp\/v2\/product_cat?post=63474"},{"taxonomy":"product_tag","embeddable":true,"href":"https:\/\/colibri-jewels.eu\/fi\/wp-json\/wp\/v2\/product_tag?post=63474"}],"curies":[{"name":"wp","href":"https:\/\/api.w.org\/{rel}","templated":true}]}}