{"id":63614,"date":"2026-04-23T18:56:20","date_gmt":"2026-04-23T15:56:20","guid":{"rendered":"https:\/\/colibri-jewels.eu\/?post_type=product&#038;p=63614"},"modified":"2026-04-23T19:14:16","modified_gmt":"2026-04-23T16:14:16","slug":"vintage-tyyliset-korvakorut-sertifioiduilla-timanteilla-amelie","status":"publish","type":"product","link":"https:\/\/colibri-jewels.eu\/fi\/tuote\/vintage-tyyliset-korvakorut-sertifioiduilla-timanteilla-amelie\/","title":{"rendered":"Vintage-tyyliset korvakorut sertifioiduilla timanteilla &#8221;Amelie&#8221;"},"content":{"rendered":"<p data-path-to-node=\"5\">Amelie-korvakorut ovat ajaton klassikko, joka kantaa mukanaan sukupolvien tarinoita. Niiden muotoilu pohjautuu historialliseen \u201druusu\u201d-istutukseen, joka heijastaa valoa ja saa timantin n\u00e4ytt\u00e4m\u00e4\u00e4n kokoaan suuremmalta. N\u00e4m\u00e4 korvakorut ovat t\u00e4ydellinen alku nuoren naisen korukokoelmalle \u2013 arvokas lahja \u00e4idilt\u00e4 tai iso\u00e4idilt\u00e4, joka s\u00e4ilytt\u00e4\u00e4 muistot ja tyylikkyyden vuosikymmenten yli.<\/p>\n<p data-path-to-node=\"6\"><b data-path-to-node=\"6\" data-index-in-node=\"0\">Specifications:<\/b><\/p>\n<ul data-path-to-node=\"7\">\n<li>\n<p data-path-to-node=\"7,0,0\"><b data-path-to-node=\"7,0,0\" data-index-in-node=\"0\">Model:<\/b> Amelie<\/p>\n<\/li>\n<li>\n<p data-path-to-node=\"7,1,0\"><b data-path-to-node=\"7,1,0\" data-index-in-node=\"0\">Metalli:<\/b> Kulta 585 (Punakulta, valkokultaiset istutukset)<\/p>\n<\/li>\n<li>\n<p data-path-to-node=\"7,2,0\"><b data-path-to-node=\"7,2,0\" data-index-in-node=\"0\">Kivet:<\/b> Timantit (2 kpl), GIA-sertifioidut<\/p>\n<\/li>\n<li>\n<p data-path-to-node=\"7,3,0\"><b data-path-to-node=\"7,3,0\" data-index-in-node=\"0\">Paino:<\/b> 0.30 ct (2 x 0.15 ct)<\/p>\n<\/li>\n<li>\n<p data-path-to-node=\"7,4,0\"><b data-path-to-node=\"7,4,0\" data-index-in-node=\"0\">Certification:<\/b> GIA<\/p>\n<\/li>\n<li>\n<p data-path-to-node=\"7,5,0\"><b data-path-to-node=\"7,5,0\" data-index-in-node=\"0\">Muotoilu:<\/b> Vintage-ruusu \/ Heijastinistutus (Reflector-istutus)<\/p>\n<\/li>\n<li>\n<p data-path-to-node=\"7,6,0\"><b data-path-to-node=\"7,6,0\" data-index-in-node=\"0\">Lukkotyyppi: <\/b>Englantilainen lukko<\/p>\n<\/li>\n<\/ul>\n<p data-path-to-node=\"8\"><b data-path-to-node=\"8\" data-index-in-node=\"0\">Avainsanat<\/b>: timanttikorvakorut, GIA-sertifioidut timanttikorvakorut, vintage-korut, ensimm\u00e4inen korulahja, perint\u00f6korut, ruusuistutus, lahja tytt\u00e4relle, lahja tytt\u00e4rentytt\u00e4relle.<\/p>\n","protected":false},"excerpt":{"rendered":"<p>Amelie-korvakorut ovat ajaton klassikko, joka kantaa mukanaan sukupolvien tarinoita. Niiden muotoilu pohjautuu historialliseen \u201druusu\u201d-istutukseen, joka heijastaa valoa ja saa timantin n\u00e4ytt\u00e4m\u00e4\u00e4n kokoaan suuremmalta. N\u00e4m\u00e4 korvakorut&#8230;<\/p>\n","protected":false},"featured_media":63613,"comment_status":"open","ping_status":"closed","template":"","meta":[],"etheme_brands":[],"product_brand":[],"product_cat":[987],"product_tag":[994],"class_list":{"0":"post-63614","1":"product","2":"type-product","3":"status-publish","4":"has-post-thumbnail","6":"product_cat-korvakorut","7":"product_tag-klassiset","9":"first","10":"onbackorder","11":"shipping-taxable","12":"purchasable","13":"product-type-simple"},"acf":[],"yoast_head":"<!-- This site is optimized with the Yoast SEO Premium plugin v26.5 (Yoast SEO v26.8) - https:\/\/yoast.com\/product\/yoast-seo-premium-wordpress\/ -->\n<title>Vintage-tyyliset korvakorut sertifioiduilla timanteilla &quot;Amelie&quot; - Colibri jewels<\/title>\n<meta name=\"robots\" content=\"index, follow, max-snippet:-1, max-image-preview:large, max-video-preview:-1\" \/>\n<link rel=\"canonical\" href=\"https:\/\/colibri-jewels.eu\/fi\/tuote\/vintage-tyyliset-korvakorut-sertifioiduilla-timanteilla-amelie\/\" \/>\n<meta property=\"og:locale\" content=\"fi_FI\" \/>\n<meta property=\"og:type\" content=\"article\" \/>\n<meta property=\"og:title\" content=\"Vintage-tyyliset korvakorut sertifioiduilla timanteilla &quot;Amelie&quot;\" \/>\n<meta property=\"og:description\" content=\"Amelie-korvakorut ovat ajaton klassikko, joka kantaa mukanaan sukupolvien tarinoita. Niiden muotoilu pohjautuu historialliseen \u201druusu\u201d-istutukseen, joka heijastaa valoa ja saa timantin n\u00e4ytt\u00e4m\u00e4\u00e4n kokoaan suuremmalta. N\u00e4m\u00e4 korvakorut...\" \/>\n<meta property=\"og:url\" content=\"https:\/\/colibri-jewels.eu\/fi\/tuote\/vintage-tyyliset-korvakorut-sertifioiduilla-timanteilla-amelie\/\" \/>\n<meta property=\"og:site_name\" content=\"Colibri jewels\" \/>\n<meta property=\"article:publisher\" content=\"https:\/\/www.facebook.com\/colibri.jewels\" \/>\n<meta property=\"article:modified_time\" content=\"2026-04-23T16:14:16+00:00\" \/>\n<meta property=\"og:image\" content=\"https:\/\/colibri-jewels.eu\/wp-content\/uploads\/2026\/04\/vintage-style-diamond-earrings-Amelie.jpg\" \/>\n\t<meta property=\"og:image:width\" content=\"1000\" \/>\n\t<meta property=\"og:image:height\" content=\"1000\" \/>\n\t<meta property=\"og:image:type\" content=\"image\/jpeg\" \/>\n<meta name=\"twitter:card\" content=\"summary_large_image\" \/>\n<script type=\"application\/ld+json\" class=\"yoast-schema-graph\">{\"@context\":\"https:\/\/schema.org\",\"@graph\":[{\"@type\":\"WebPage\",\"@id\":\"https:\/\/colibri-jewels.eu\/fi\/tuote\/vintage-tyyliset-korvakorut-sertifioiduilla-timanteilla-amelie\/\",\"url\":\"https:\/\/colibri-jewels.eu\/fi\/tuote\/vintage-tyyliset-korvakorut-sertifioiduilla-timanteilla-amelie\/\",\"name\":\"Vintage-tyyliset korvakorut sertifioiduilla timanteilla \\\"Amelie\\\" - Colibri jewels\",\"isPartOf\":{\"@id\":\"https:\/\/colibri-jewels.eu\/fi\/#website\"},\"primaryImageOfPage\":{\"@id\":\"https:\/\/colibri-jewels.eu\/fi\/tuote\/vintage-tyyliset-korvakorut-sertifioiduilla-timanteilla-amelie\/#primaryimage\"},\"image\":{\"@id\":\"https:\/\/colibri-jewels.eu\/fi\/tuote\/vintage-tyyliset-korvakorut-sertifioiduilla-timanteilla-amelie\/#primaryimage\"},\"thumbnailUrl\":\"https:\/\/colibri-jewels.eu\/wp-content\/uploads\/2026\/04\/vintage-style-diamond-earrings-Amelie.jpg\",\"datePublished\":\"2026-04-23T15:56:20+00:00\",\"dateModified\":\"2026-04-23T16:14:16+00:00\",\"breadcrumb\":{\"@id\":\"https:\/\/colibri-jewels.eu\/fi\/tuote\/vintage-tyyliset-korvakorut-sertifioiduilla-timanteilla-amelie\/#breadcrumb\"},\"inLanguage\":\"fi\",\"potentialAction\":[{\"@type\":\"ReadAction\",\"target\":[\"https:\/\/colibri-jewels.eu\/fi\/tuote\/vintage-tyyliset-korvakorut-sertifioiduilla-timanteilla-amelie\/\"]}]},{\"@type\":\"ImageObject\",\"inLanguage\":\"fi\",\"@id\":\"https:\/\/colibri-jewels.eu\/fi\/tuote\/vintage-tyyliset-korvakorut-sertifioiduilla-timanteilla-amelie\/#primaryimage\",\"url\":\"https:\/\/colibri-jewels.eu\/wp-content\/uploads\/2026\/04\/vintage-style-diamond-earrings-Amelie.jpg\",\"contentUrl\":\"https:\/\/colibri-jewels.eu\/wp-content\/uploads\/2026\/04\/vintage-style-diamond-earrings-Amelie.jpg\",\"width\":1000,\"height\":1000},{\"@type\":\"BreadcrumbList\",\"@id\":\"https:\/\/colibri-jewels.eu\/fi\/tuote\/vintage-tyyliset-korvakorut-sertifioiduilla-timanteilla-amelie\/#breadcrumb\",\"itemListElement\":[{\"@type\":\"ListItem\",\"position\":1,\"name\":\"\u0413\u043b\u0430\u0432\u043d\u0430\u044f \u0441\u0442\u0440\u0430\u043d\u0438\u0446\u0430\",\"item\":\"https:\/\/colibri-jewels.eu\/fi\/\"},{\"@type\":\"ListItem\",\"position\":2,\"name\":\"Kauppa\",\"item\":\"https:\/\/colibri-jewels.eu\/fi\/kauppa\/\"},{\"@type\":\"ListItem\",\"position\":3,\"name\":\"Vintage-tyyliset korvakorut sertifioiduilla timanteilla &#8220;Amelie&#8221;\"}]},{\"@type\":\"WebSite\",\"@id\":\"https:\/\/colibri-jewels.eu\/fi\/#website\",\"url\":\"https:\/\/colibri-jewels.eu\/fi\/\",\"name\":\"Colibri jewels\",\"description\":\"jewelry shop\",\"publisher\":{\"@id\":\"https:\/\/colibri-jewels.eu\/fi\/#organization\"},\"potentialAction\":[{\"@type\":\"SearchAction\",\"target\":{\"@type\":\"EntryPoint\",\"urlTemplate\":\"https:\/\/colibri-jewels.eu\/fi\/?s={search_term_string}\"},\"query-input\":{\"@type\":\"PropertyValueSpecification\",\"valueRequired\":true,\"valueName\":\"search_term_string\"}}],\"inLanguage\":\"fi\"},{\"@type\":\"Organization\",\"@id\":\"https:\/\/colibri-jewels.eu\/fi\/#organization\",\"name\":\"O\u00dc Colibri\",\"url\":\"https:\/\/colibri-jewels.eu\/fi\/\",\"logo\":{\"@type\":\"ImageObject\",\"inLanguage\":\"fi\",\"@id\":\"https:\/\/colibri-jewels.eu\/fi\/#\/schema\/logo\/image\/\",\"url\":\"https:\/\/dev.colibri-jewels.eu\/wp-content\/uploads\/2021\/03\/colibri.png\",\"contentUrl\":\"https:\/\/dev.colibri-jewels.eu\/wp-content\/uploads\/2021\/03\/colibri.png\",\"width\":227,\"height\":130,\"caption\":\"O\u00dc Colibri\"},\"image\":{\"@id\":\"https:\/\/colibri-jewels.eu\/fi\/#\/schema\/logo\/image\/\"},\"sameAs\":[\"https:\/\/www.facebook.com\/colibri.jewels\",\"https:\/\/www.instagram.com\/colibri.jewels\",\"https:\/\/www.tiktok.com\/colibri.jewels\"]}]}<\/script>\n<!-- \/ Yoast SEO Premium plugin. -->","yoast_head_json":{"title":"Vintage-tyyliset korvakorut sertifioiduilla timanteilla \"Amelie\" - Colibri jewels","robots":{"index":"index","follow":"follow","max-snippet":"max-snippet:-1","max-image-preview":"max-image-preview:large","max-video-preview":"max-video-preview:-1"},"canonical":"https:\/\/colibri-jewels.eu\/fi\/tuote\/vintage-tyyliset-korvakorut-sertifioiduilla-timanteilla-amelie\/","og_locale":"fi_FI","og_type":"article","og_title":"Vintage-tyyliset korvakorut sertifioiduilla timanteilla \"Amelie\"","og_description":"Amelie-korvakorut ovat ajaton klassikko, joka kantaa mukanaan sukupolvien tarinoita. Niiden muotoilu pohjautuu historialliseen \u201druusu\u201d-istutukseen, joka heijastaa valoa ja saa timantin n\u00e4ytt\u00e4m\u00e4\u00e4n kokoaan suuremmalta. N\u00e4m\u00e4 korvakorut...","og_url":"https:\/\/colibri-jewels.eu\/fi\/tuote\/vintage-tyyliset-korvakorut-sertifioiduilla-timanteilla-amelie\/","og_site_name":"Colibri jewels","article_publisher":"https:\/\/www.facebook.com\/colibri.jewels","article_modified_time":"2026-04-23T16:14:16+00:00","og_image":[{"width":1000,"height":1000,"url":"https:\/\/colibri-jewels.eu\/wp-content\/uploads\/2026\/04\/vintage-style-diamond-earrings-Amelie.jpg","type":"image\/jpeg"}],"twitter_card":"summary_large_image","schema":{"@context":"https:\/\/schema.org","@graph":[{"@type":"WebPage","@id":"https:\/\/colibri-jewels.eu\/fi\/tuote\/vintage-tyyliset-korvakorut-sertifioiduilla-timanteilla-amelie\/","url":"https:\/\/colibri-jewels.eu\/fi\/tuote\/vintage-tyyliset-korvakorut-sertifioiduilla-timanteilla-amelie\/","name":"Vintage-tyyliset korvakorut sertifioiduilla timanteilla \"Amelie\" - Colibri jewels","isPartOf":{"@id":"https:\/\/colibri-jewels.eu\/fi\/#website"},"primaryImageOfPage":{"@id":"https:\/\/colibri-jewels.eu\/fi\/tuote\/vintage-tyyliset-korvakorut-sertifioiduilla-timanteilla-amelie\/#primaryimage"},"image":{"@id":"https:\/\/colibri-jewels.eu\/fi\/tuote\/vintage-tyyliset-korvakorut-sertifioiduilla-timanteilla-amelie\/#primaryimage"},"thumbnailUrl":"https:\/\/colibri-jewels.eu\/wp-content\/uploads\/2026\/04\/vintage-style-diamond-earrings-Amelie.jpg","datePublished":"2026-04-23T15:56:20+00:00","dateModified":"2026-04-23T16:14:16+00:00","breadcrumb":{"@id":"https:\/\/colibri-jewels.eu\/fi\/tuote\/vintage-tyyliset-korvakorut-sertifioiduilla-timanteilla-amelie\/#breadcrumb"},"inLanguage":"fi","potentialAction":[{"@type":"ReadAction","target":["https:\/\/colibri-jewels.eu\/fi\/tuote\/vintage-tyyliset-korvakorut-sertifioiduilla-timanteilla-amelie\/"]}]},{"@type":"ImageObject","inLanguage":"fi","@id":"https:\/\/colibri-jewels.eu\/fi\/tuote\/vintage-tyyliset-korvakorut-sertifioiduilla-timanteilla-amelie\/#primaryimage","url":"https:\/\/colibri-jewels.eu\/wp-content\/uploads\/2026\/04\/vintage-style-diamond-earrings-Amelie.jpg","contentUrl":"https:\/\/colibri-jewels.eu\/wp-content\/uploads\/2026\/04\/vintage-style-diamond-earrings-Amelie.jpg","width":1000,"height":1000},{"@type":"BreadcrumbList","@id":"https:\/\/colibri-jewels.eu\/fi\/tuote\/vintage-tyyliset-korvakorut-sertifioiduilla-timanteilla-amelie\/#breadcrumb","itemListElement":[{"@type":"ListItem","position":1,"name":"\u0413\u043b\u0430\u0432\u043d\u0430\u044f \u0441\u0442\u0440\u0430\u043d\u0438\u0446\u0430","item":"https:\/\/colibri-jewels.eu\/fi\/"},{"@type":"ListItem","position":2,"name":"Kauppa","item":"https:\/\/colibri-jewels.eu\/fi\/kauppa\/"},{"@type":"ListItem","position":3,"name":"Vintage-tyyliset korvakorut sertifioiduilla timanteilla &#8220;Amelie&#8221;"}]},{"@type":"WebSite","@id":"https:\/\/colibri-jewels.eu\/fi\/#website","url":"https:\/\/colibri-jewels.eu\/fi\/","name":"Colibri jewels","description":"jewelry shop","publisher":{"@id":"https:\/\/colibri-jewels.eu\/fi\/#organization"},"potentialAction":[{"@type":"SearchAction","target":{"@type":"EntryPoint","urlTemplate":"https:\/\/colibri-jewels.eu\/fi\/?s={search_term_string}"},"query-input":{"@type":"PropertyValueSpecification","valueRequired":true,"valueName":"search_term_string"}}],"inLanguage":"fi"},{"@type":"Organization","@id":"https:\/\/colibri-jewels.eu\/fi\/#organization","name":"O\u00dc Colibri","url":"https:\/\/colibri-jewels.eu\/fi\/","logo":{"@type":"ImageObject","inLanguage":"fi","@id":"https:\/\/colibri-jewels.eu\/fi\/#\/schema\/logo\/image\/","url":"https:\/\/dev.colibri-jewels.eu\/wp-content\/uploads\/2021\/03\/colibri.png","contentUrl":"https:\/\/dev.colibri-jewels.eu\/wp-content\/uploads\/2021\/03\/colibri.png","width":227,"height":130,"caption":"O\u00dc Colibri"},"image":{"@id":"https:\/\/colibri-jewels.eu\/fi\/#\/schema\/logo\/image\/"},"sameAs":["https:\/\/www.facebook.com\/colibri.jewels","https:\/\/www.instagram.com\/colibri.jewels","https:\/\/www.tiktok.com\/colibri.jewels"]}]}},"_links":{"self":[{"href":"https:\/\/colibri-jewels.eu\/fi\/wp-json\/wp\/v2\/product\/63614","targetHints":{"allow":["GET"]}}],"collection":[{"href":"https:\/\/colibri-jewels.eu\/fi\/wp-json\/wp\/v2\/product"}],"about":[{"href":"https:\/\/colibri-jewels.eu\/fi\/wp-json\/wp\/v2\/types\/product"}],"replies":[{"embeddable":true,"href":"https:\/\/colibri-jewels.eu\/fi\/wp-json\/wp\/v2\/comments?post=63614"}],"version-history":[{"count":2,"href":"https:\/\/colibri-jewels.eu\/fi\/wp-json\/wp\/v2\/product\/63614\/revisions"}],"predecessor-version":[{"id":63619,"href":"https:\/\/colibri-jewels.eu\/fi\/wp-json\/wp\/v2\/product\/63614\/revisions\/63619"}],"wp:featuredmedia":[{"embeddable":true,"href":"https:\/\/colibri-jewels.eu\/fi\/wp-json\/wp\/v2\/media\/63613"}],"wp:attachment":[{"href":"https:\/\/colibri-jewels.eu\/fi\/wp-json\/wp\/v2\/media?parent=63614"}],"wp:term":[{"taxonomy":"brand","embeddable":true,"href":"https:\/\/colibri-jewels.eu\/fi\/wp-json\/wp\/v2\/etheme_brands?post=63614"},{"taxonomy":"product_brand","embeddable":true,"href":"https:\/\/colibri-jewels.eu\/fi\/wp-json\/wp\/v2\/product_brand?post=63614"},{"taxonomy":"product_cat","embeddable":true,"href":"https:\/\/colibri-jewels.eu\/fi\/wp-json\/wp\/v2\/product_cat?post=63614"},{"taxonomy":"product_tag","embeddable":true,"href":"https:\/\/colibri-jewels.eu\/fi\/wp-json\/wp\/v2\/product_tag?post=63614"}],"curies":[{"name":"wp","href":"https:\/\/api.w.org\/{rel}","templated":true}]}}